{"id":1088472,"date":"2023-04-13T10:35:40","date_gmt":"2023-04-13T08:35:40","guid":{"rendered":"https:\/\/mazury2023.mazury-zachodnie.pl\/?page_id=1088472"},"modified":"2026-02-10T11:30:25","modified_gmt":"2026-02-10T10:30:25","slug":"do-pobrania","status":"publish","type":"page","link":"https:\/\/mazury-zachodnie.pl\/en\/do-pobrania\/","title":{"rendered":"Do pobrania"},"content":{"rendered":"<p>[et_pb_section fb_built=&#8221;1&#8243; _builder_version=&#8221;4.20.2&#8243; _module_preset=&#8221;default&#8221; background_color=&#8221;#FFFFFF&#8221; background_color_gradient_direction=&#8221;90deg&#8221; background_enable_image=&#8221;off&#8221; background_blend=&#8221;multiply&#8221; custom_margin=&#8221;50px||||false|false&#8221; custom_padding=&#8221;||100px||false|false&#8221; global_colors_info=&#8221;{}&#8221;][et_pb_row admin_label=&#8221;Blurb &#8211; Row&#8221; _builder_version=&#8221;4.20.2&#8243; width=&#8221;90%&#8221; max_width=&#8221;480px&#8221; custom_padding=&#8221;||3px||false|false&#8221; locked=&#8221;off&#8221; global_colors_info=&#8221;{}&#8221;][et_pb_column type=&#8221;4_4&#8243; _builder_version=&#8221;4.16&#8243; global_colors_info=&#8221;{}&#8221;][et_pb_text _builder_version=&#8221;4.20.2&#8243; _module_preset=&#8221;default&#8221; text_font=&#8221;Poppins|600|||||||&#8221; text_text_color=&#8221;#333333&#8243; text_font_size=&#8221;32px&#8221; text_line_height=&#8221;1.5em&#8221; header_font=&#8221;Roboto|700|||||||&#8221; header_text_color=&#8221;#FFFFFF&#8221; header_font_size=&#8221;55px&#8221; custom_margin=&#8221;21px||21px||false|false&#8221; custom_margin_tablet=&#8221;21px||21px||false|false&#8221; custom_margin_phone=&#8221;8vh||||false|false&#8221; custom_margin_last_edited=&#8221;on|phone&#8221; custom_padding=&#8221;|||80px|false|false&#8221; text_font_size_tablet=&#8221;28px&#8221; text_font_size_phone=&#8221;21px&#8221; text_font_size_last_edited=&#8221;on|phone&#8221; custom_css_before=&#8221;content: %22%22;||position: absolute;||top: 50%;||right: 0;||left: 0;||width: 60px;||height: 2px;||background-color: #71BF44;||-webkit-transform: translateY(-50%);||        -ms-transform: translateY(-50%);||            transform: translateY(-50%);&#8221; custom_css_main_element=&#8221;position: relative;&#8221; global_colors_info=&#8221;{}&#8221;]<\/p>\n<p>Mazury Zachodnie<\/p>\n<p>[\/et_pb_text][\/et_pb_column][\/et_pb_row][et_pb_row admin_label=&#8221;Blurb &#8211; Row&#8221; _builder_version=&#8221;4.20.2&#8243; width=&#8221;90%&#8221; max_width=&#8221;920px&#8221; custom_margin=&#8221;0px||||false|false&#8221; custom_padding=&#8221;0px||20px||false|false&#8221; locked=&#8221;off&#8221; global_colors_info=&#8221;{}&#8221;][et_pb_column type=&#8221;4_4&#8243; _builder_version=&#8221;4.16&#8243; global_colors_info=&#8221;{}&#8221;][et_pb_text _builder_version=&#8221;4.20.2&#8243; _module_preset=&#8221;default&#8221; text_font=&#8221;Poppins|700|||||||&#8221; text_text_color=&#8221;#FFFFFF&#8221; text_font_size=&#8221;4vw&#8221; text_line_height=&#8221;1.5em&#8221; header_font=&#8221;Roboto|700|||||||&#8221; header_text_color=&#8221;#FFFFFF&#8221; header_font_size=&#8221;55px&#8221; text_orientation=&#8221;center&#8221; custom_margin=&#8221;0px||21px||false|false&#8221; custom_padding=&#8221;|||0px|false|false&#8221; hover_enabled=&#8221;0&#8243; text_font_size_tablet=&#8221;8vw&#8221; text_font_size_phone=&#8221;10vw&#8221; text_font_size_last_edited=&#8221;on|phone&#8221; global_colors_info=&#8221;{}&#8221; sticky_enabled=&#8221;0&#8243;]<\/p>\n<p><span style=\"color: #333;\">DO&nbsp;POBRANIA<\/span><span style=\"color: #71bf44;\">.<\/span><\/p>\n<p>[\/et_pb_text][\/et_pb_column][\/et_pb_row][et_pb_row column_structure=&#8221;1_2,1_2&#8243; _builder_version=&#8221;4.27.5&#8243; _module_preset=&#8221;default&#8221; hover_enabled=&#8221;0&#8243; global_colors_info=&#8221;{}&#8221; sticky_enabled=&#8221;0&#8243;][et_pb_column type=&#8221;1_2&#8243; _builder_version=&#8221;4.20.2&#8243; _module_preset=&#8221;default&#8221; global_colors_info=&#8221;{}&#8221;][et_pb_button button_url=&#8221;@ET-DC@eyJkeW5hbWljIjp0cnVlLCJjb250ZW50IjoicG9zdF9saW5rX3VybF9wYWdlIiwic2V0dGluZ3MiOnsicG9zdF9pZCI6IjEwODg0NzkifX0=@&#8221; url_new_window=&#8221;on&#8221; button_text=&#8221;Lista korzy\u015bci do\u0142\u0105czenia do ZLOT&#8221; button_alignment=&#8221;center&#8221; _builder_version=&#8221;4.27.5&#8243; _dynamic_attributes=&#8221;button_url&#8221; _module_preset=&#8221;default&#8221; custom_button=&#8221;on&#8221; button_text_size=&#8221;16px&#8221; button_text_color=&#8221;#FFFFFF&#8221; button_bg_color=&#8221;#71BF44&#8243; button_border_width=&#8221;0px&#8221; button_border_color=&#8221;#71BF44&#8243; button_border_radius=&#8221;50px&#8221; button_font=&#8221;Poppins|500|||||||&#8221; button_icon=&#8221;&#x45;||divi||400&#8243; custom_margin=&#8221;15px||||false|false&#8221; custom_padding=&#8221;15px|30px|15px|30px|true|true&#8221; hover_enabled=&#8221;0&#8243; locked=&#8221;off&#8221; global_colors_info=&#8221;{}&#8221; custom_css_main_element__hover_enabled=&#8221;off|hover&#8221; custom_css_main_element__hover=&#8221;    -webkit-transform: translateY(-3px);||    transform: translateY(-3px);||    -webkit-box-shadow: 0 1rem 2rem rgba(0, 0, 0, .2);||    box-shadow: 0 1rem 2rem rgba(0, 0, 0, .2);&#8221; button_bg_color__hover_enabled=&#8221;on|hover&#8221; button_bg_color__hover=&#8221;#80d34c&#8221; button_bg_enable_color__hover=&#8221;on&#8221; button_border_color__hover_enabled=&#8221;on|hover&#8221; button_border_color__hover=&#8221;#71BF44&#8243; transform_styles__hover_enabled=&#8221;on|hover&#8221; transform_scale__hover_enabled=&#8221;on|hover&#8221; transform_translate__hover_enabled=&#8221;on|desktop&#8221; transform_rotate__hover_enabled=&#8221;on|desktop&#8221; transform_skew__hover_enabled=&#8221;on|desktop&#8221; transform_origin__hover_enabled=&#8221;on|desktop&#8221; transform_scale__hover=&#8221;108%|108%&#8221; width=&#8221;624.3px&#8221; sticky_enabled=&#8221;0&#8243;][\/et_pb_button][\/et_pb_column][et_pb_column type=&#8221;1_2&#8243; _builder_version=&#8221;4.20.2&#8243; _module_preset=&#8221;default&#8221; global_colors_info=&#8221;{}&#8221;][et_pb_button button_url=&#8221;https:\/\/mazury-zachodnie.pl\/wp-content\/uploads\/2025\/06\/Statut-ZLOT-tekst-jednolity-z-8-maja-2025.pdf&#8221; url_new_window=&#8221;on&#8221; button_text=&#8221;Statut Zachodniomazurskiej Lokalnej Organizacji Turystycznej &#8221; button_alignment=&#8221;center&#8221; _builder_version=&#8221;4.27.5&#8243; _module_preset=&#8221;default&#8221; custom_button=&#8221;on&#8221; button_text_size=&#8221;16px&#8221; button_text_color=&#8221;#FFFFFF&#8221; button_bg_color=&#8221;#71BF44&#8243; button_border_width=&#8221;0px&#8221; button_border_color=&#8221;#71BF44&#8243; button_border_radius=&#8221;50px&#8221; button_font=&#8221;Poppins|500|||||||&#8221; button_icon=&#8221;&#x45;||divi||400&#8243; custom_margin=&#8221;15px||||false|false&#8221; custom_padding=&#8221;15px|16px|15px|16px|true|true&#8221; hover_enabled=&#8221;0&#8243; locked=&#8221;off&#8221; global_colors_info=&#8221;{}&#8221; custom_css_main_element__hover_enabled=&#8221;off|hover&#8221; custom_css_main_element__hover=&#8221;    -webkit-transform: translateY(-3px);||    transform: translateY(-3px);||    -webkit-box-shadow: 0 1rem 2rem rgba(0, 0, 0, .2);||    box-shadow: 0 1rem 2rem rgba(0, 0, 0, .2);&#8221; button_bg_color__hover_enabled=&#8221;on|hover&#8221; button_bg_color__hover=&#8221;#80d34c&#8221; button_bg_enable_color__hover=&#8221;on&#8221; button_border_color__hover_enabled=&#8221;on|hover&#8221; button_border_color__hover=&#8221;#71BF44&#8243; transform_styles__hover_enabled=&#8221;on|hover&#8221; transform_scale__hover_enabled=&#8221;on|hover&#8221; transform_translate__hover_enabled=&#8221;on|desktop&#8221; transform_rotate__hover_enabled=&#8221;on|desktop&#8221; transform_skew__hover_enabled=&#8221;on|desktop&#8221; transform_origin__hover_enabled=&#8221;on|desktop&#8221; transform_scale__hover=&#8221;108%|108%&#8221; sticky_enabled=&#8221;0&#8243;][\/et_pb_button][\/et_pb_column][\/et_pb_row][et_pb_row column_structure=&#8221;1_4,1_4,1_4,1_4&#8243; _builder_version=&#8221;4.27.5&#8243; _module_preset=&#8221;default&#8221; hover_enabled=&#8221;0&#8243; global_colors_info=&#8221;{}&#8221; locked=&#8221;off&#8221; sticky_enabled=&#8221;0&#8243;][et_pb_column type=&#8221;1_4&#8243; _builder_version=&#8221;4.20.2&#8243; _module_preset=&#8221;default&#8221; global_colors_info=&#8221;{}&#8221;][et_pb_button button_url=&#8221;http:\/\/mazury-zachodnie.pl\/wp-content\/uploads\/2026\/02\/Deklaracja-2026.pdf&#8221; url_new_window=&#8221;on&#8221; button_text=&#8221;Deklaracja PDF&#8221; button_alignment=&#8221;center&#8221; _builder_version=&#8221;4.27.5&#8243; _module_preset=&#8221;default&#8221; custom_button=&#8221;on&#8221; button_text_size=&#8221;16px&#8221; button_text_color=&#8221;#FFFFFF&#8221; button_bg_color=&#8221;#71BF44&#8243; button_border_width=&#8221;0px&#8221; button_border_color=&#8221;#71BF44&#8243; button_border_radius=&#8221;50px&#8221; button_font=&#8221;Poppins|500|||||||&#8221; button_icon=&#8221;&#x45;||divi||400&#8243; custom_margin=&#8221;15px|-20px|||false|false&#8221; custom_padding=&#8221;15px|30px|15px|30px|true|true&#8221; hover_enabled=&#8221;0&#8243; locked=&#8221;off&#8221; global_colors_info=&#8221;{}&#8221; custom_css_main_element__hover_enabled=&#8221;off|hover&#8221; custom_css_main_element__hover=&#8221;    -webkit-transform: translateY(-3px);||    transform: translateY(-3px);||    -webkit-box-shadow: 0 1rem 2rem rgba(0, 0, 0, .2);||    box-shadow: 0 1rem 2rem rgba(0, 0, 0, .2);&#8221; button_bg_color__hover_enabled=&#8221;on|hover&#8221; button_bg_color__hover=&#8221;#80d34c&#8221; button_bg_enable_color__hover=&#8221;on&#8221; button_border_color__hover_enabled=&#8221;on|hover&#8221; button_border_color__hover=&#8221;#71BF44&#8243; transform_styles__hover_enabled=&#8221;on|hover&#8221; transform_scale__hover_enabled=&#8221;on|hover&#8221; transform_translate__hover_enabled=&#8221;on|desktop&#8221; transform_rotate__hover_enabled=&#8221;on|desktop&#8221; transform_skew__hover_enabled=&#8221;on|desktop&#8221; transform_origin__hover_enabled=&#8221;on|desktop&#8221; transform_scale__hover=&#8221;108%|108%&#8221; sticky_enabled=&#8221;0&#8243; width=&#8221;203.5px&#8221;][\/et_pb_button][\/et_pb_column][et_pb_column type=&#8221;1_4&#8243; _builder_version=&#8221;4.20.2&#8243; _module_preset=&#8221;default&#8221; global_colors_info=&#8221;{}&#8221;][et_pb_button button_url=&#8221;http:\/\/mazury-zachodnie.pl\/wp-content\/uploads\/2026\/02\/Deklaracja-2026.docx&#8221; url_new_window=&#8221;on&#8221; button_text=&#8221;Deklaracja DOCX&#8221; button_alignment=&#8221;center&#8221; _builder_version=&#8221;4.27.5&#8243; _module_preset=&#8221;default&#8221; custom_button=&#8221;on&#8221; button_text_size=&#8221;16px&#8221; button_text_color=&#8221;#FFFFFF&#8221; button_bg_color=&#8221;#71BF44&#8243; button_border_width=&#8221;0px&#8221; button_border_color=&#8221;#71BF44&#8243; button_border_radius=&#8221;50px&#8221; button_font=&#8221;Poppins|500|||||||&#8221; button_icon=&#8221;&#x45;||divi||400&#8243; custom_margin=&#8221;15px|-20px|||false|false&#8221; custom_padding=&#8221;15px|29px|15px|29px|true|true&#8221; hover_enabled=&#8221;0&#8243; locked=&#8221;off&#8221; global_colors_info=&#8221;{}&#8221; custom_css_main_element__hover_enabled=&#8221;off|hover&#8221; custom_css_main_element__hover=&#8221;    -webkit-transform: translateY(-3px);||    transform: translateY(-3px);||    -webkit-box-shadow: 0 1rem 2rem rgba(0, 0, 0, .2);||    box-shadow: 0 1rem 2rem rgba(0, 0, 0, .2);&#8221; button_bg_color__hover_enabled=&#8221;on|hover&#8221; button_bg_color__hover=&#8221;#80d34c&#8221; button_bg_enable_color__hover=&#8221;on&#8221; button_border_color__hover_enabled=&#8221;on|hover&#8221; button_border_color__hover=&#8221;#71BF44&#8243; transform_styles__hover_enabled=&#8221;on|hover&#8221; transform_scale__hover_enabled=&#8221;on|hover&#8221; transform_translate__hover_enabled=&#8221;on|desktop&#8221; transform_rotate__hover_enabled=&#8221;on|desktop&#8221; transform_skew__hover_enabled=&#8221;on|desktop&#8221; transform_origin__hover_enabled=&#8221;on|desktop&#8221; transform_scale__hover=&#8221;108%|108%&#8221; sticky_enabled=&#8221;0&#8243; width=&#8221;161.5px&#8221;][\/et_pb_button][\/et_pb_column][et_pb_column type=&#8221;1_4&#8243; _builder_version=&#8221;4.20.2&#8243; _module_preset=&#8221;default&#8221; global_colors_info=&#8221;{}&#8221;][et_pb_button button_url=&#8221;http:\/\/mazury-zachodnie.pl\/wp-content\/uploads\/2026\/02\/Uchwala-nr-6-skladki.pdf&#8221; url_new_window=&#8221;on&#8221; button_text=&#8221;Uchwa\u0142a w sprawie wysoko\u015bci sk\u0142adek&#8221; button_alignment=&#8221;center&#8221; _builder_version=&#8221;4.27.5&#8243; _module_preset=&#8221;default&#8221; custom_button=&#8221;on&#8221; button_text_size=&#8221;16px&#8221; button_text_color=&#8221;#FFFFFF&#8221; button_bg_color=&#8221;#71BF44&#8243; button_border_width=&#8221;0px&#8221; button_border_color=&#8221;#71BF44&#8243; button_border_radius=&#8221;50px&#8221; button_font=&#8221;Poppins|500|||||||&#8221; button_icon=&#8221;&#x45;||divi||400&#8243; custom_margin=&#8221;15px|-20px|||false|false&#8221; custom_padding=&#8221;15px|30px|15px|30px|true|true&#8221; hover_enabled=&#8221;0&#8243; locked=&#8221;off&#8221; global_colors_info=&#8221;{}&#8221; custom_css_main_element__hover_enabled=&#8221;off|hover&#8221; custom_css_main_element__hover=&#8221;    -webkit-transform: translateY(-3px);||    transform: translateY(-3px);||    -webkit-box-shadow: 0 1rem 2rem rgba(0, 0, 0, .2);||    box-shadow: 0 1rem 2rem rgba(0, 0, 0, .2);&#8221; button_bg_color__hover_enabled=&#8221;on|hover&#8221; button_bg_color__hover=&#8221;#80d34c&#8221; button_bg_enable_color__hover=&#8221;on&#8221; button_border_color__hover_enabled=&#8221;on|hover&#8221; button_border_color__hover=&#8221;#71BF44&#8243; transform_styles__hover_enabled=&#8221;on|hover&#8221; transform_scale__hover_enabled=&#8221;on|hover&#8221; transform_translate__hover_enabled=&#8221;on|desktop&#8221; transform_rotate__hover_enabled=&#8221;on|desktop&#8221; transform_skew__hover_enabled=&#8221;on|desktop&#8221; transform_origin__hover_enabled=&#8221;on|desktop&#8221; transform_scale__hover=&#8221;108%|108%&#8221; sticky_enabled=&#8221;0&#8243; width=&#8221;203.5px&#8221;][\/et_pb_button][\/et_pb_column][et_pb_column type=&#8221;1_4&#8243; _builder_version=&#8221;4.20.2&#8243; _module_preset=&#8221;default&#8221; global_colors_info=&#8221;{}&#8221;][et_pb_button button_url=&#8221;http:\/\/mazury-zachodnie.pl\/wp-content\/uploads\/2026\/02\/Uchwala-nr-7-wpisowe.pdf&#8221; url_new_window=&#8221;on&#8221; button_text=&#8221;Uchwa\u0142a w sprawie wysoko\u015bci wpisowego&#8221; button_alignment=&#8221;center&#8221; _builder_version=&#8221;4.27.5&#8243; _module_preset=&#8221;default&#8221; custom_button=&#8221;on&#8221; button_text_size=&#8221;16px&#8221; button_text_color=&#8221;#FFFFFF&#8221; button_bg_color=&#8221;#71BF44&#8243; button_border_width=&#8221;0px&#8221; button_border_color=&#8221;#71BF44&#8243; button_border_radius=&#8221;50px&#8221; button_font=&#8221;Poppins|500|||||||&#8221; button_icon=&#8221;&#x45;||divi||400&#8243; custom_margin=&#8221;15px|||-10px|false|false&#8221; custom_padding=&#8221;15px|0px|15px|0px|true|true&#8221; hover_enabled=&#8221;0&#8243; locked=&#8221;off&#8221; global_colors_info=&#8221;{}&#8221; custom_css_main_element__hover_enabled=&#8221;off|hover&#8221; custom_css_main_element__hover=&#8221;    -webkit-transform: translateY(-3px);||    transform: translateY(-3px);||    -webkit-box-shadow: 0 1rem 2rem rgba(0, 0, 0, .2);||    box-shadow: 0 1rem 2rem rgba(0, 0, 0, .2);&#8221; button_bg_color__hover_enabled=&#8221;on|hover&#8221; button_bg_color__hover=&#8221;#80d34c&#8221; button_bg_enable_color__hover=&#8221;on&#8221; button_border_color__hover_enabled=&#8221;on|hover&#8221; button_border_color__hover=&#8221;#71BF44&#8243; transform_styles__hover_enabled=&#8221;on|hover&#8221; transform_scale__hover_enabled=&#8221;on|hover&#8221; transform_translate__hover_enabled=&#8221;on|desktop&#8221; transform_rotate__hover_enabled=&#8221;on|desktop&#8221; transform_skew__hover_enabled=&#8221;on|desktop&#8221; transform_origin__hover_enabled=&#8221;on|desktop&#8221; transform_scale__hover=&#8221;108%|108%&#8221; sticky_enabled=&#8221;0&#8243; width=&#8221;246.4px&#8221;][\/et_pb_button][\/et_pb_column][\/et_pb_row][\/et_pb_section]<\/p>\n","protected":false},"excerpt":{"rendered":"<p>Mazury ZachodnieDO&nbsp;POBRANIA.<\/p>","protected":false},"author":5,"featured_media":0,"parent":0,"menu_order":0,"comment_status":"closed","ping_status":"closed","template":"","meta":{"_acf_changed":false,"_et_pb_use_builder":"on","_et_pb_old_content":"","_et_gb_content_width":"","iawp_total_views":46,"footnotes":""},"class_list":["post-1088472","page","type-page","status-publish","hentry"],"acf":[],"_links":{"self":[{"href":"https:\/\/mazury-zachodnie.pl\/en\/wp-json\/wp\/v2\/pages\/1088472","targetHints":{"allow":["GET"]}}],"collection":[{"href":"https:\/\/mazury-zachodnie.pl\/en\/wp-json\/wp\/v2\/pages"}],"about":[{"href":"https:\/\/mazury-zachodnie.pl\/en\/wp-json\/wp\/v2\/types\/page"}],"author":[{"embeddable":true,"href":"https:\/\/mazury-zachodnie.pl\/en\/wp-json\/wp\/v2\/users\/5"}],"replies":[{"embeddable":true,"href":"https:\/\/mazury-zachodnie.pl\/en\/wp-json\/wp\/v2\/comments?post=1088472"}],"version-history":[{"count":19,"href":"https:\/\/mazury-zachodnie.pl\/en\/wp-json\/wp\/v2\/pages\/1088472\/revisions"}],"predecessor-version":[{"id":1100943,"href":"https:\/\/mazury-zachodnie.pl\/en\/wp-json\/wp\/v2\/pages\/1088472\/revisions\/1100943"}],"wp:attachment":[{"href":"https:\/\/mazury-zachodnie.pl\/en\/wp-json\/wp\/v2\/media?parent=1088472"}],"curies":[{"name":"wp","href":"https:\/\/api.w.org\/{rel}","templated":true}]}}