{"id":1088479,"date":"2023-04-13T10:44:02","date_gmt":"2023-04-13T08:44:02","guid":{"rendered":"https:\/\/mazury2023.mazury-zachodnie.pl\/?page_id=1088479"},"modified":"2025-04-07T13:47:27","modified_gmt":"2025-04-07T11:47:27","slug":"lista-korzysci","status":"publish","type":"page","link":"https:\/\/mazury-zachodnie.pl\/en\/lista-korzysci\/","title":{"rendered":"List of benefits"},"content":{"rendered":"<p>[et_pb_section fb_built=&#8221;1&#8243; _builder_version=&#8221;4.20.2&#8243; _module_preset=&#8221;default&#8221; background_color=&#8221;#FFFFFF&#8221; background_color_gradient_direction=&#8221;90deg&#8221; background_enable_image=&#8221;off&#8221; background_blend=&#8221;multiply&#8221; custom_margin=&#8221;50px||||false|false&#8221; custom_padding=&#8221;||10px||false|false&#8221; global_colors_info=&#8221;{}&#8221;][et_pb_row admin_label=&#8221;Blurb &#8211; Row&#8221; _builder_version=&#8221;4.20.2&#8243; width=&#8221;90%&#8221; max_width=&#8221;480px&#8221; custom_padding=&#8221;||3px||false|false&#8221; locked=&#8221;off&#8221; global_colors_info=&#8221;{}&#8221;][et_pb_column type=&#8221;4_4&#8243; _builder_version=&#8221;4.16&#8243; global_colors_info=&#8221;{}&#8221;][et_pb_text _builder_version=&#8221;4.20.2&#8243; _module_preset=&#8221;default&#8221; text_font=&#8221;Poppins|600|||||||&#8221; text_text_color=&#8221;#333333&#8243; text_font_size=&#8221;32px&#8221; text_line_height=&#8221;1.5em&#8221; header_font=&#8221;Roboto|700|||||||&#8221; header_text_color=&#8221;#FFFFFF&#8221; header_font_size=&#8221;55px&#8221; custom_margin=&#8221;21px||21px||false|false&#8221; custom_margin_tablet=&#8221;21px||21px||false|false&#8221; custom_margin_phone=&#8221;8vh||||false|false&#8221; custom_margin_last_edited=&#8221;on|phone&#8221; custom_padding=&#8221;|||80px|false|false&#8221; text_font_size_tablet=&#8221;28px&#8221; text_font_size_phone=&#8221;21px&#8221; text_font_size_last_edited=&#8221;on|phone&#8221; custom_css_before=&#8221;content: %22%22;||position: absolute;||top: 50%;||right: 0;||left: 0;||width: 60px;||height: 2px;||background-color: #71BF44;||-webkit-transform: translateY(-50%);||        -ms-transform: translateY(-50%);||            transform: translateY(-50%);&#8221; custom_css_main_element=&#8221;position: relative;&#8221; global_colors_info=&#8221;{}&#8221;]<\/p>\n<p>Lista<\/p>\n<p>[\/et_pb_text][\/et_pb_column][\/et_pb_row][et_pb_row admin_label=&#8221;Blurb &#8211; Row&#8221; _builder_version=&#8221;4.20.2&#8243; width=&#8221;90%&#8221; max_width=&#8221;920px&#8221; custom_margin=&#8221;0px||||false|false&#8221; custom_padding=&#8221;0px||3px||false|false&#8221; locked=&#8221;off&#8221; global_colors_info=&#8221;{}&#8221;][et_pb_column type=&#8221;4_4&#8243; _builder_version=&#8221;4.16&#8243; global_colors_info=&#8221;{}&#8221;][et_pb_text _builder_version=&#8221;4.20.2&#8243; _module_preset=&#8221;default&#8221; text_font=&#8221;Poppins|700|||||||&#8221; text_text_color=&#8221;#FFFFFF&#8221; text_font_size=&#8221;4vw&#8221; text_line_height=&#8221;1.5em&#8221; header_font=&#8221;Roboto|700|||||||&#8221; header_text_color=&#8221;#FFFFFF&#8221; header_font_size=&#8221;55px&#8221; text_orientation=&#8221;center&#8221; custom_margin=&#8221;0px||21px||false|false&#8221; custom_padding=&#8221;|||0px|false|false&#8221; text_font_size_tablet=&#8221;8vw&#8221; text_font_size_phone=&#8221;10vw&#8221; text_font_size_last_edited=&#8221;on|phone&#8221; global_colors_info=&#8221;{}&#8221;]<\/p>\n<p><span style=\"color: #333;\">KORZY\u015aCI<\/span><span style=\"color: #71bf44;\">.<\/span><\/p>\n<p>[\/et_pb_text][\/et_pb_column][\/et_pb_row][et_pb_row _builder_version=&#8221;4.20.2&#8243; _module_preset=&#8221;default&#8221; global_colors_info=&#8221;{}&#8221;][et_pb_column type=&#8221;4_4&#8243; _builder_version=&#8221;4.20.2&#8243; _module_preset=&#8221;default&#8221; global_colors_info=&#8221;{}&#8221;][et_pb_text _builder_version=&#8221;4.20.2&#8243; _module_preset=&#8221;default&#8221; header_font=&#8221;Poppins||||||||&#8221; header_4_font=&#8221;Poppins|600|||||||&#8221; header_4_text_color=&#8221;#333333&#8243; header_5_font=&#8221;Lato|700|||||||&#8221; global_colors_info=&#8221;{}&#8221;]<\/p>\n<h5>Szanowni Pa\u0144stwo,<\/h5>\n<p>Chcieliby\u015bmy zach\u0119ci\u0107 Pa\u0144stwa do przyst\u0105pienia do Zachodniomazurskiej Lokalnej Organizacji Turystycznej promuj\u0105cej mark\u0119 Mazury Zachodnie, obejmuj\u0105cej swym zasi\u0119giem powiaty: ostr\u00f3dzki i i\u0142awski oraz gminy: Olsztynek, Pas\u0142\u0119k.<\/p>\n<p>Dostrzegalne korzy\u015bci obecne i\/lub przysz\u0142o\u015bciowe wynikaj\u0105ce z wst\u0105pienia w poczet cz\u0142onk\u00f3w stowarzyszenia zamieszczamy poni\u017cej:<\/p>\n<ul>\n<li><strong>bezp\u0142atna reklama obiektu na stronie internetowej www.mazury-zachodnie.pl<\/strong>, kt\u00f3ra zawiera aktualne informacje nt. Pa\u0144stwa obiekt\u00f3w (dane teleadresowe, zdj\u0119cia, kr\u00f3tki opis). Najwa\u017cniejsz\u0105 korzy\u015bci\u0105 internetowej komunikacji jest oczywi\u015bcie oszcz\u0119dno\u015b\u0107 czasu dla turysty i \u015brodk\u00f3w finansowych dla ka\u017cdego z Pa\u0144stwa w procesie pozyskiwania go\u015bci;<\/li>\n<li><strong>bezp\u0142atne zamieszczenie piktogram\u00f3w na mapach wydawanych przez Stowarzyszenie oraz w aplikacji mobilnej <em>Odkryj Mazury Zachodnie<\/em>;<\/strong><\/li>\n<li><strong>bezp\u0142atna reklama w mediach spo\u0142eczno\u015bciowych organizacji (kampanie marketingowe) <\/strong><\/li>\n<li><strong>bezp\u0142atne uczestnictwo w targach krajowych, zagranicznych oraz na stoiskach plenerowych podczas du\u017cych imprez na Mazurach Zachodnich<\/strong> poprzez prezentacj\u0119 Pa\u0144stwa obiekt\u00f3w w Folderze Mazury Zachodnie oraz na podstawie otrzymanych publikacji;<\/li>\n<li><strong>mo\u017cliwo\u015b\u0107 uczestnictwa w tworzeniu i realizacji projekt\u00f3w wspieraj\u0105cych rozw\u00f3j turystyki w naszym regionie;<\/strong><\/li>\n<li><strong>bezp\u0142atna prezentacja w Centrum Informacji Turystycznej ofert i katalog\u00f3w<\/strong> oraz udzielanie informacji o zakresie dzia\u0142ania Pa\u0144stwa obiekt\u00f3w, firm turystycznych;<br \/>udzia\u0142 w szkoleniach terenowych organizowanych przy wsp\u00f3\u0142udziale przewodnik\u00f3w po Mazurach Zachodnich; sprzeda\u017c na preferencyjnych warunkach finansowych publikacji wydawanych przez stowarzyszenie; wsparcie turystycznych imprez lokalnych za pomoc\u0105 reklamy internetowej oraz poprzez przekazywanie materia\u0142\u00f3w promocyjnych dla ich uczestnik\u00f3w; propagowanie pobytu w bazach turystycznych naszych cz\u0142onk\u00f3w.<\/li>\n<\/ul>\n<p>&nbsp;<\/p>\n<p>Zapraszamy serdecznie do wsp\u00f3\u0142tworzenia profesjonalnego wizerunku naszego Regionu<\/p>\n<h6>MAZURY ZACHODNIE<\/h6>\n<p>&nbsp;<\/p>\n<p>W przypadku dodatkowych pyta\u0144 lub sugestii do Pa\u0144stwa dyspozycji pozostaje Dyrektor Biura ZLOT Beniamin Krawczyk (tel. 501 220 085).<\/p>\n<p>[\/et_pb_text][\/et_pb_column][\/et_pb_row][\/et_pb_section]<\/p>\n","protected":false},"excerpt":{"rendered":"<p>ListaKORZY\u015aCI.Szanowni Pa\u0144stwo, Chcieliby\u015bmy zach\u0119ci\u0107 Pa\u0144stwa do przyst\u0105pienia do Zachodniomazurskiej Lokalnej Organizacji Turystycznej promuj\u0105cej mark\u0119 Mazury Zachodnie, obejmuj\u0105cej swym zasi\u0119giem powiaty: ostr\u00f3dzki i i\u0142awski oraz gminy: Olsztynek, Pas\u0142\u0119k. Dostrzegalne korzy\u015bci obecne [&hellip;]<\/p>\n","protected":false},"author":5,"featured_media":0,"parent":0,"menu_order":0,"comment_status":"closed","ping_status":"closed","template":"","meta":{"_acf_changed":false,"_et_pb_use_builder":"on","_et_pb_old_content":"","_et_gb_content_width":"","iawp_total_views":6,"footnotes":""},"class_list":["post-1088479","page","type-page","status-publish","hentry"],"acf":[],"_links":{"self":[{"href":"https:\/\/mazury-zachodnie.pl\/en\/wp-json\/wp\/v2\/pages\/1088479","targetHints":{"allow":["GET"]}}],"collection":[{"href":"https:\/\/mazury-zachodnie.pl\/en\/wp-json\/wp\/v2\/pages"}],"about":[{"href":"https:\/\/mazury-zachodnie.pl\/en\/wp-json\/wp\/v2\/types\/page"}],"author":[{"embeddable":true,"href":"https:\/\/mazury-zachodnie.pl\/en\/wp-json\/wp\/v2\/users\/5"}],"replies":[{"embeddable":true,"href":"https:\/\/mazury-zachodnie.pl\/en\/wp-json\/wp\/v2\/comments?post=1088479"}],"version-history":[{"count":13,"href":"https:\/\/mazury-zachodnie.pl\/en\/wp-json\/wp\/v2\/pages\/1088479\/revisions"}],"predecessor-version":[{"id":1098633,"href":"https:\/\/mazury-zachodnie.pl\/en\/wp-json\/wp\/v2\/pages\/1088479\/revisions\/1098633"}],"wp:attachment":[{"href":"https:\/\/mazury-zachodnie.pl\/en\/wp-json\/wp\/v2\/media?parent=1088479"}],"curies":[{"name":"wp","href":"https:\/\/api.w.org\/{rel}","templated":true}]}}