{"id":1095124,"date":"2023-07-18T12:23:11","date_gmt":"2023-07-18T10:23:11","guid":{"rendered":"https:\/\/mazury-zachodnie.pl\/?page_id=1095124"},"modified":"2026-02-09T10:54:44","modified_gmt":"2026-02-09T09:54:44","slug":"faq","status":"publish","type":"page","link":"https:\/\/mazury-zachodnie.pl\/en\/faq\/","title":{"rendered":"FAQ"},"content":{"rendered":"<p>[et_pb_section fb_built=&#8221;1&#8243; next_background_color=&#8221;#ffffff&#8221; admin_label=&#8221;Hero Section&#8221; _builder_version=&#8221;4.21.0&#8243; use_background_color_gradient=&#8221;on&#8221; background_color_gradient_stops=&#8221;rgba(0,0,0,0.4) 0%|rgba(0,0,0,0.4) 100%&#8221; background_color_gradient_overlays_image=&#8221;on&#8221; background_color_gradient_start=&#8221;rgba(0,0,0,0.4)&#8221; background_color_gradient_end=&#8221;rgba(0,0,0,0.4)&#8221; background_image=&#8221;https:\/\/mazury-zachodnie.pl\/wp-content\/uploads\/2023\/06\/IMG_6584-scaled.jpg&#8221; background_position=&#8221;center_right&#8221; custom_padding=&#8221;6%||6%|&#8221; bottom_divider_style=&#8221;slant&#8221; bottom_divider_height=&#8221;60px&#8221; global_colors_info=&#8221;{}&#8221; background_color_gradient_direction__hover=&#8221;180deg&#8221; background_color_gradient_direction__hover_enabled=&#8221;180deg&#8221; background_color_gradient_start_position__hover=&#8221;0%&#8221; background_color_gradient_start_position__hover_enabled=&#8221;0%&#8221; background_color_gradient_end_position__hover=&#8221;100%&#8221; background_color_gradient_end_position__hover_enabled=&#8221;100%&#8221; background_color_gradient_stops__hover=&#8221;rgba(0,0,0,0.4) 0%|rgba(0,0,0,0.4) 100%&#8221;][et_pb_row admin_label=&#8221;Page Title Area&#8221; _builder_version=&#8221;4.16&#8243; global_colors_info=&#8221;{}&#8221;][et_pb_column type=&#8221;4_4&#8243; _builder_version=&#8221;4.16&#8243; custom_padding=&#8221;|||&#8221; global_colors_info=&#8221;{}&#8221; custom_padding__hover=&#8221;|||&#8221;][et_pb_text admin_label=&#8221;Hero Section Title&#8221; _builder_version=&#8221;4.16&#8243; text_font=&#8221;Montserrat||||||||&#8221; text_font_size=&#8221;18px&#8221; text_line_height=&#8221;1.8em&#8221; header_font=&#8221;Montserrat|600||on|||||&#8221; header_font_size=&#8221;48px&#8221; header_letter_spacing=&#8221;3px&#8221; header_line_height=&#8221;1.3em&#8221; header_2_font=&#8221;Montserrat|700|||||||&#8221; header_2_text_color=&#8221;rgba(255,255,255,0.6)&#8221; header_2_font_size=&#8221;90px&#8221; header_2_letter_spacing=&#8221;3px&#8221; header_2_line_height=&#8221;1.1em&#8221; text_orientation=&#8221;center&#8221; background_layout=&#8221;dark&#8221; max_width=&#8221;700px&#8221; module_alignment=&#8221;center&#8221; custom_margin=&#8221;|||&#8221; animation_style=&#8221;fade&#8221; animation_direction=&#8221;bottom&#8221; header_font_size_tablet=&#8221;&#8221; header_font_size_phone=&#8221;28px&#8221; header_font_size_last_edited=&#8221;on|phone&#8221; header_2_font_size_tablet=&#8221;&#8221; header_2_font_size_phone=&#8221;50px&#8221; header_2_font_size_last_edited=&#8221;on|phone&#8221; global_colors_info=&#8221;{}&#8221;]<\/p>\n<h1>FAQ<\/h1>\n<p>Najcz\u0119\u015bciej zadawane pytania<\/p>\n<p>[\/et_pb_text][\/et_pb_column][\/et_pb_row][\/et_pb_section][et_pb_section fb_built=&#8221;1&#8243; admin_label=&#8221;FAQ Section&#8221; _builder_version=&#8221;4.16&#8243; custom_padding=&#8221;77px||90px|||&#8221; global_colors_info=&#8221;{}&#8221;][et_pb_row admin_label=&#8221;FAQ&#8221; _builder_version=&#8221;4.16&#8243; max_width=&#8221;900px&#8221; use_custom_width=&#8221;on&#8221; custom_width_px=&#8221;900px&#8221; global_colors_info=&#8221;{}&#8221;][et_pb_column type=&#8221;4_4&#8243; _builder_version=&#8221;4.16&#8243; custom_padding=&#8221;|||&#8221; global_colors_info=&#8221;{}&#8221; custom_padding__hover=&#8221;|||&#8221;][et_pb_accordion open_toggle_background_color=&#8221;rgba(0,0,0,0.03)&#8221; closed_toggle_background_color=&#8221;rgba(0,0,0,0)&#8221; icon_color=&#8221;#71BF44&#8243; _builder_version=&#8221;4.21.0&#8243; toggle_text_color=&#8221;#333333&#8243; toggle_font=&#8221;Montserrat||||||||&#8221; toggle_line_height=&#8221;1.5em&#8221; body_font=&#8221;||||||||&#8221; body_font_size=&#8221;16px&#8221; body_line_height=&#8221;1.8em&#8221; border_style_all=&#8221;none&#8221; global_colors_info=&#8221;{}&#8221;][et_pb_accordion_item title=&#8221;Jakie s\u0105\u00a0najwi\u0119ksze atrakcje Mazur Zachodnich?&#8221; _builder_version=&#8221;4.16&#8243; global_colors_info=&#8221;{}&#8221; open=&#8221;on&#8221;]<\/p>\n<p>Niew\u0105tpliwie najwi\u0119ksz\u0105 atrakcj\u0105 Mazur Zachodnich jest <a href=\"https:\/\/mazury-zachodnie.pl\/kanal-elblaski\/\"><span style=\"color: #71bf44;\"><strong>Kana\u0142 Elbl\u0105ski<\/strong><\/span><\/a>, a\u00a0w\u0142a\u015bciwie <a href=\"https:\/\/mazury-zachodnie.pl\/rejsy-po-kanale-elblaskim\/\"><span style=\"color: #71bf44;\"><strong>rejsy po\u00a0Kanale Elbl\u0105skim<\/strong><\/span><\/a>. Warto odwiedzi\u0107 te\u017c <a href=\"https:\/\/mazury-zachodnie.pl\/grunwald\/\"><span style=\"color: #71bf44;\"><strong>pola s\u0142ynnej Bitwy pod\u00a0Grunwaldem<\/strong><\/span><\/a> oraz\u00a0nowoczesne <span><a href=\"https:\/\/mazury-zachodnie.pl\/grunwald\/\"><span style=\"color: #71bf44;\"><strong>Muzeum Bitwy pod\u00a0Grunwaldem<\/strong><\/span><\/a>. Obowi\u0105zkowym przystankiem dla mi\u0142o\u015bnik\u00f3w natury s\u0105\u00a0<span style=\"color: #71bf44;\"><strong>Wzg\u00f3rza Dylewskie, <\/strong><span style=\"color: #666666;\">kt\u00f3re s\u0105&nbsp;cz\u0119\u015bci\u0105 Parku Krajobrazowego Wzg\u00f3rz Dylewskich. Uwadze turyst\u00f3w polecamy tak\u017ce <span style=\"color: #71bf44;\"><a href=\"https:\/\/mazury-zachodnie.pl\/ostroda\/\" style=\"color: #71bf44;\"><strong>Ostr\u00f3d\u0119<\/strong><\/a><\/span>, nazywan\u0105 Per\u0142\u0105 Mazur; <span style=\"color: #71bf44;\"><a href=\"https:\/\/mazury-zachodnie.pl\/ilawa\/\" style=\"color: #71bf44;\"><strong>I\u0142aw\u0119<\/strong><\/a><\/span>, kt\u00f3ra&nbsp;le\u017cy nad&nbsp;najd\u0142u\u017cszym jeziorem w&nbsp;Polsce; oraz&nbsp;<span style=\"color: #71bf44;\"><a href=\"https:\/\/mazury-zachodnie.pl\/dabrowno\/\" style=\"color: #71bf44;\"><strong>D\u0105br\u00f3wno<\/strong><\/a><\/span> &#8211; pi\u0119knie po\u0142o\u017cone miasteczko z&nbsp;bogat\u0105 histori\u0105. Pe\u0142n\u0105 ofert\u0119 atrakcji znajdziesz w&nbsp;zak\u0142adce <a href=\"https:\/\/mazury-zachodnie.pl\/atrakcje\/\"><span style=\"color: #71bf44;\"><strong>ATRAKCJE<\/strong><\/span><\/a>.<\/span><\/span><\/span><\/p>\n<p><span><span style=\"color: #71bf44;\"><span style=\"color: #666666;\"><\/span><\/span><\/span><\/p>\n<p>[\/et_pb_accordion_item][et_pb_accordion_item title=&#8221;Gdzie znajd\u0119 ofert\u0119 noclegow\u0105?&#8221; _builder_version=&#8221;4.16&#8243; global_colors_info=&#8221;{}&#8221; open=&#8221;off&#8221;]<\/p>\n<p>Je\u015bli chcesz sp\u0119dzi\u0107 na\u00a0Mazurach Zachodnich kilka dni, zapraszamy Ci\u0119 do\u00a0zapoznania si\u0119 z\u00a0ofert\u0105 noclegow\u0105 dost\u0119pn\u0105 w\u00a0zak\u0142adce <strong><span style=\"color: #71bf44;\"><a href=\"https:\/\/mazury-zachodnie.pl\/noclegi\/\" style=\"color: #71bf44;\">NOCLEGI<\/a><\/span><\/strong>.<\/p>\n<p>[\/et_pb_accordion_item][et_pb_accordion_item title=&#8221;Gdzie zje\u015b\u0107 na\u00a0Mazurach Zachodnich?&#8221; open=&#8221;off&#8221; _builder_version=&#8221;4.16&#8243; global_colors_info=&#8221;{}&#8221;]<\/p>\n<p>Mazury Zachodnie to&nbsp;region, kt\u00f3rego&nbsp;oferta gastronomiczna jest bogata i&nbsp;r\u00f3\u017cnorodna. Ze&nbsp;wzgl\u0119du na&nbsp;po\u0142o\u017cenie, tutejsze restauracje maj\u0105 dost\u0119p do&nbsp;\u015bwie\u017cych ryb oraz&nbsp;najwy\u017cszej jako\u015bci warzyw i&nbsp;owoc\u00f3w. Zapraszamy do&nbsp;zapoznania si\u0119 z&nbsp;rekomendowan\u0105 przez&nbsp;nas ofert\u0105 gastronomiczn\u0105 dost\u0119pn\u0105 w&nbsp;zak\u0142adce <a href=\"https:\/\/mazury-zachodnie.pl\/gastronomia\/\"><span style=\"color: #71bf44;\"><strong>GASTRONOMIA<\/strong><\/span><\/a>.<\/p>\n<p>[\/et_pb_accordion_item][et_pb_accordion_item title=&#8221;Gdzie kupi\u0107 bilety na\u00a0rejs po\u00a0Kanale Elbl\u0105skim?&#8221; _builder_version=&#8221;4.21.0&#8243; _module_preset=&#8221;default&#8221; global_colors_info=&#8221;{}&#8221; open=&#8221;off&#8221;]<\/p>\n<p>Rejsy po\u00a0Kanale Elbl\u0105skim oferowane s\u0105\u00a0przez\u00a0kilku przewo\u017anik\u00f3w. Zach\u0119camy do\u00a0zapoznania si\u0119 z\u00a0ofert\u0105 ka\u017cdego z\u00a0nich <a href=\"https:\/\/mazury-zachodnie.pl\/rejsy-po-kanale-elblaskim\/\"><strong><span style=\"color: #71bf44;\">TUTAJ<\/span><\/strong><\/a>. Ka\u017cdy z&nbsp;przewo\u017anik\u00f3w posiada sw\u00f3j cennik w&nbsp;zale\u017cno\u015bci od&nbsp;wyboru trasy. Niekt\u00f3rzy przewo\u017anicy maj\u0105 szerok\u0105 ofert\u0119, kt\u00f3ra&nbsp;wykracza nieco poza obszar samego <span style=\"color: #71bf44;\"><a href=\"https:\/\/mazury-zachodnie.pl\/kanal-elblaski\/\" style=\"color: #71bf44;\"><strong>Kana\u0142u Elbl\u0105skiego<\/strong><\/a><\/span>.<\/p>\n<p>[\/et_pb_accordion_item][et_pb_accordion_item title=&#8221;Gdzie znajd\u0119 kalendarz wydarze\u0144\/imprez Mazur Zachodnich?&#8221; _builder_version=&#8221;4.21.0&#8243; _module_preset=&#8221;default&#8221; global_colors_info=&#8221;{}&#8221; open=&#8221;off&#8221;]<\/p>\n<p>Kalendarz najwa\u017cniejszych wydarze\u0144 regionu znajduje si\u0119 pod&nbsp;tym linkiem: <a href=\"https:\/\/mazury-zachodnie.pl\/wydarzenia\/\"><span style=\"color: #71bf44;\"><strong>WYDARZENIA<\/strong><\/span><\/a>.<\/p>\n<p>[\/et_pb_accordion_item][et_pb_accordion_item title=&#8221;Gdzie wypo\u017cyczy\u0107 sprz\u0119t turystyczny (np.\u00a0kajaki)?&#8221; _builder_version=&#8221;4.21.0&#8243; _module_preset=&#8221;default&#8221; global_colors_info=&#8221;{}&#8221; open=&#8221;off&#8221;]<\/p>\n<p>Oto lista miejsc, kt\u00f3re oferuj\u0105 wypo\u017cyczenie sprz\u0119tu turystycznego: <a href=\"https:\/\/mazury-zachodnie.pl\/wypozyczalnie-sprzetu-turystycznego\/\"><span style=\"color: #71bf44;\"><strong>WYPO\u017bYCZALNIE<\/strong><\/span><\/a>.<\/p>\n<p>[\/et_pb_accordion_item][et_pb_accordion_item title=&#8221;Jakie s\u0105\u00a0polecane trasy w\u0119dr\u00f3wek pieszych lub rowerowych na\u00a0Mazurach Zachodnich?&#8221; _builder_version=&#8221;4.21.0&#8243; _module_preset=&#8221;default&#8221; global_colors_info=&#8221;{}&#8221; open=&#8221;off&#8221;]<\/p>\n<p>Mazury Zachodnie posiadaj\u0105 siatk\u0119 szlak\u00f3w turystycznych, kt\u00f3re s\u0105&nbsp;zr\u00f3\u017cnicowane pod&nbsp;wzgl\u0119dem trudno\u015bci i&nbsp;d\u0142ugo\u015bci. Oto zak\u0142adki, w&nbsp;kt\u00f3rych&nbsp;znajdziesz szlaki wraz z&nbsp;kr\u00f3tkim opisem i&nbsp;map\u0105 ze&nbsp;\u015bladami GPS: <a href=\"https:\/\/mazury-zachodnie.pl\/szlaki-piesze\/\"><span style=\"color: #71bf44;\"><strong>SZLAKI PIESZE<\/strong><\/span><\/a>, <span style=\"color: #71bf44;\"><a href=\"https:\/\/mazury-zachodnie.pl\/szlaki-rowerowe\/\" style=\"color: #71bf44;\"><strong>SZLAKI ROWEROWE<\/strong><\/a><\/span>, <span style=\"color: #71bf44;\"><a href=\"https:\/\/mazury-zachodnie.pl\/szlaki-kajakowe\/\" style=\"color: #71bf44;\"><strong>SZLAKI KAJAKOWE<\/strong><\/a>.<\/span><\/p>\n<p>[\/et_pb_accordion_item][\/et_pb_accordion][\/et_pb_column][\/et_pb_row][\/et_pb_section][et_pb_section fb_built=&#8221;1&#8243; admin_label=&#8221;Feature Section&#8221; _builder_version=&#8221;4.16&#8243; custom_padding=&#8221;0px||0px|&#8221; global_colors_info=&#8221;{}&#8221;][et_pb_row column_structure=&#8221;1_2,1_2&#8243; use_custom_gutter=&#8221;on&#8221; gutter_width=&#8221;1&#8243; make_equal=&#8221;on&#8221; admin_label=&#8221;Feature Area&#8221; module_class=&#8221; et_pb_row_fullwidth&#8221; _builder_version=&#8221;4.21.0&#8243; width=&#8221;100%&#8221; width_tablet=&#8221;100%&#8221; width_phone=&#8221;100%&#8221; width_last_edited=&#8221;on|desktop&#8221; max_width=&#8221;100%&#8221; max_width_tablet=&#8221;100%&#8221; max_width_phone=&#8221;100%&#8221; max_width_last_edited=&#8221;on|desktop&#8221; custom_padding=&#8221;0px||0px|&#8221; make_fullwidth=&#8221;on&#8221; global_colors_info=&#8221;{}&#8221;][et_pb_column type=&#8221;1_2&#8243; _builder_version=&#8221;4.21.0&#8243; use_background_color_gradient=&#8221;on&#8221; background_color_gradient_direction=&#8221;105deg&#8221; background_color_gradient_stops=&#8221;rgba(43,135,218,0) 68%|#ffffff 68%&#8221; background_color_gradient_overlays_image=&#8221;on&#8221; background_color_gradient_start=&#8221;rgba(43,135,218,0)&#8221; background_color_gradient_start_position=&#8221;80%&#8221; background_color_gradient_end=&#8221;#f46624&#8243; background_color_gradient_end_position=&#8221;80%&#8221; background_image=&#8221;https:\/\/mazury-zachodnie.pl\/wp-content\/uploads\/2023\/06\/IMG_6584-scaled.jpg&#8221; custom_padding=&#8221;|||&#8221; global_colors_info=&#8221;{}&#8221; custom_padding__hover=&#8221;|||&#8221;][\/et_pb_column][et_pb_column type=&#8221;1_2&#8243; _builder_version=&#8221;4.21.0&#8243; background_color=&#8221;#FFFFFF&#8221; custom_padding=&#8221;170px|12%|170px|5%&#8221; global_colors_info=&#8221;{}&#8221; custom_padding__hover=&#8221;|||&#8221;][et_pb_contact_form use_spam_service=&#8221;on&#8221; recaptcha_list=&#8221;mazury-zachodniepl|mazury-zachodniepl-0&#8243; email=&#8221;zlot@mazury-zachodnie.pl&#8221; title=&#8221;Napisz do nas&#8221; custom_message=&#8221;Imi\u0119: %%name%%||et_pb_line_break_holder||E-mail: %%email%%||et_pb_line_break_holder||||et_pb_line_break_holder||Przes\u0142a\u0142 wiadomo\u015b\u0107 przy u\u017cyciu formularza:||et_pb_line_break_holder||%%message%%&#8221; success_message=&#8221;Wiadomo\u015b\u0107 wys\u0142ana poprawnie! Postaramy si\u0119 na ni\u0105 odpowiedzie\u0107 jak najszybciej.&#8221; submit_button_text=&#8221;Prze\u015blij&#8221; module_class=&#8221;dd-contact-02&#8243; _builder_version=&#8221;4.27.5&#8243; _module_preset=&#8221;default&#8221; form_field_background_color=&#8221;#FFFFFF&#8221; form_field_text_color=&#8221;#666666&#8243; title_font=&#8221;Poppins|700||on|||||&#8221; captcha_font=&#8221;Poppins|600|||||||&#8221; captcha_font_size=&#8221;14px&#8221; form_field_font=&#8221;Lato||||||||&#8221; form_field_font_size=&#8221;15px&#8221; custom_button=&#8221;on&#8221; button_text_size=&#8221;20px&#8221; button_text_color=&#8221;#FFFFFF&#8221; button_bg_color=&#8221;#71BF44&#8243; button_border_width=&#8221;2px&#8221; button_border_color=&#8221;RGBA(255,255,255,0)&#8221; button_border_radius=&#8221;50px&#8221; button_font=&#8221;Lato|500|||||||&#8221; button_icon=&#8221;&#x45;||divi||400&#8243; button_custom_margin=&#8221;20px|||25px|false|false&#8221; custom_padding=&#8221;42px|42px|42px|42px|true|true&#8221; hover_enabled=&#8221;0&#8243; custom_css_main_element=&#8221;box-shadow: 0 4px 44px rgba(0,0,0,.1);||border-radius: 8px;&#8221; custom_css_contact_button=&#8221;width: 100%;||margin: 0;&#8221; custom_css_contact_fields=&#8221;padding: 18px 0 18px !important;&#8221; custom_css_text_field=&#8221;padding: 18px 0 18px !important;&#8221; border_width_bottom=&#8221;2px&#8221; border_color_bottom=&#8221;#dddddd&#8221; locked=&#8221;off&#8221; global_colors_info=&#8221;{}&#8221; sticky_enabled=&#8221;0&#8243;][et_pb_contact_field field_id=&#8221;name&#8221; field_title=&#8221;Imi\u0119&#8221; fullwidth_field=&#8221;on&#8221; _builder_version=&#8221;4.21.0&#8243; global_colors_info=&#8221;{}&#8221; button_text_size__hover_enabled=&#8221;off&#8221; button_one_text_size__hover_enabled=&#8221;off&#8221; button_two_text_size__hover_enabled=&#8221;off&#8221; button_text_color__hover_enabled=&#8221;off&#8221; button_one_text_color__hover_enabled=&#8221;off&#8221; button_two_text_color__hover_enabled=&#8221;off&#8221; button_border_width__hover_enabled=&#8221;off&#8221; button_one_border_width__hover_enabled=&#8221;off&#8221; button_two_border_width__hover_enabled=&#8221;off&#8221; button_border_color__hover_enabled=&#8221;off&#8221; button_one_border_color__hover_enabled=&#8221;off&#8221; button_two_border_color__hover_enabled=&#8221;off&#8221; button_border_radius__hover_enabled=&#8221;off&#8221; button_one_border_radius__hover_enabled=&#8221;off&#8221; button_two_border_radius__hover_enabled=&#8221;off&#8221; button_letter_spacing__hover_enabled=&#8221;off&#8221; button_one_letter_spacing__hover_enabled=&#8221;off&#8221; button_two_letter_spacing__hover_enabled=&#8221;off&#8221; button_bg_color__hover_enabled=&#8221;off&#8221; button_one_bg_color__hover_enabled=&#8221;off&#8221; button_two_bg_color__hover_enabled=&#8221;off&#8221;][\/et_pb_contact_field][et_pb_contact_field field_id=&#8221;email&#8221; field_title=&#8221;E-mail&#8221; field_type=&#8221;email&#8221; fullwidth_field=&#8221;on&#8221; _builder_version=&#8221;4.21.0&#8243; global_colors_info=&#8221;{}&#8221; button_text_size__hover_enabled=&#8221;off&#8221; button_one_text_size__hover_enabled=&#8221;off&#8221; button_two_text_size__hover_enabled=&#8221;off&#8221; button_text_color__hover_enabled=&#8221;off&#8221; button_one_text_color__hover_enabled=&#8221;off&#8221; button_two_text_color__hover_enabled=&#8221;off&#8221; button_border_width__hover_enabled=&#8221;off&#8221; button_one_border_width__hover_enabled=&#8221;off&#8221; button_two_border_width__hover_enabled=&#8221;off&#8221; button_border_color__hover_enabled=&#8221;off&#8221; button_one_border_color__hover_enabled=&#8221;off&#8221; button_two_border_color__hover_enabled=&#8221;off&#8221; button_border_radius__hover_enabled=&#8221;off&#8221; button_one_border_radius__hover_enabled=&#8221;off&#8221; button_two_border_radius__hover_enabled=&#8221;off&#8221; button_letter_spacing__hover_enabled=&#8221;off&#8221; button_one_letter_spacing__hover_enabled=&#8221;off&#8221; button_two_letter_spacing__hover_enabled=&#8221;off&#8221; button_bg_color__hover_enabled=&#8221;off&#8221; button_one_bg_color__hover_enabled=&#8221;off&#8221; button_two_bg_color__hover_enabled=&#8221;off&#8221;][\/et_pb_contact_field][et_pb_contact_field field_id=&#8221;message&#8221; field_title=&#8221;Wpisz tutaj swoje pytanie&#8230;&#8221; field_type=&#8221;text&#8221; fullwidth_field=&#8221;on&#8221; _builder_version=&#8221;4.27.5&#8243; hover_enabled=&#8221;0&#8243; global_colors_info=&#8221;{}&#8221; button_text_size__hover_enabled=&#8221;off&#8221; button_one_text_size__hover_enabled=&#8221;off&#8221; button_two_text_size__hover_enabled=&#8221;off&#8221; button_text_color__hover_enabled=&#8221;off&#8221; button_one_text_color__hover_enabled=&#8221;off&#8221; button_two_text_color__hover_enabled=&#8221;off&#8221; button_border_width__hover_enabled=&#8221;off&#8221; button_one_border_width__hover_enabled=&#8221;off&#8221; button_two_border_width__hover_enabled=&#8221;off&#8221; button_border_color__hover_enabled=&#8221;off&#8221; button_one_border_color__hover_enabled=&#8221;off&#8221; button_two_border_color__hover_enabled=&#8221;off&#8221; button_border_radius__hover_enabled=&#8221;off&#8221; button_one_border_radius__hover_enabled=&#8221;off&#8221; button_two_border_radius__hover_enabled=&#8221;off&#8221; button_letter_spacing__hover_enabled=&#8221;off&#8221; button_one_letter_spacing__hover_enabled=&#8221;off&#8221; button_two_letter_spacing__hover_enabled=&#8221;off&#8221; button_bg_color__hover_enabled=&#8221;off&#8221; button_one_bg_color__hover_enabled=&#8221;off&#8221; button_two_bg_color__hover_enabled=&#8221;off&#8221; sticky_enabled=&#8221;0&#8243;][\/et_pb_contact_field][\/et_pb_contact_form][\/et_pb_column][\/et_pb_row][\/et_pb_section]<\/p>\n","protected":false},"excerpt":{"rendered":"<p>FAQ Najcz\u0119\u015bciej zadawane pytaniaNiew\u0105tpliwie najwi\u0119ksz\u0105 atrakcj\u0105 Mazur Zachodnich jest Kana\u0142 Elbl\u0105ski, a\u00a0w\u0142a\u015bciwie rejsy po\u00a0Kanale Elbl\u0105skim. Warto odwiedzi\u0107 te\u017c pola s\u0142ynnej Bitwy pod\u00a0Grunwaldem oraz\u00a0nowoczesne Muzeum Bitwy pod\u00a0Grunwaldem. Obowi\u0105zkowym przystankiem dla mi\u0142o\u015bnik\u00f3w [&hellip;]<\/p>\n","protected":false},"author":3,"featured_media":0,"parent":0,"menu_order":0,"comment_status":"closed","ping_status":"closed","template":"","meta":{"_acf_changed":false,"_et_pb_use_builder":"on","_et_pb_old_content":"","_et_gb_content_width":"","iawp_total_views":53,"footnotes":""},"class_list":["post-1095124","page","type-page","status-publish","hentry"],"acf":[],"_links":{"self":[{"href":"https:\/\/mazury-zachodnie.pl\/en\/wp-json\/wp\/v2\/pages\/1095124","targetHints":{"allow":["GET"]}}],"collection":[{"href":"https:\/\/mazury-zachodnie.pl\/en\/wp-json\/wp\/v2\/pages"}],"about":[{"href":"https:\/\/mazury-zachodnie.pl\/en\/wp-json\/wp\/v2\/types\/page"}],"author":[{"embeddable":true,"href":"https:\/\/mazury-zachodnie.pl\/en\/wp-json\/wp\/v2\/users\/3"}],"replies":[{"embeddable":true,"href":"https:\/\/mazury-zachodnie.pl\/en\/wp-json\/wp\/v2\/comments?post=1095124"}],"version-history":[{"count":35,"href":"https:\/\/mazury-zachodnie.pl\/en\/wp-json\/wp\/v2\/pages\/1095124\/revisions"}],"predecessor-version":[{"id":1100897,"href":"https:\/\/mazury-zachodnie.pl\/en\/wp-json\/wp\/v2\/pages\/1095124\/revisions\/1100897"}],"wp:attachment":[{"href":"https:\/\/mazury-zachodnie.pl\/en\/wp-json\/wp\/v2\/media?parent=1095124"}],"curies":[{"name":"wp","href":"https:\/\/api.w.org\/{rel}","templated":true}]}}