{"id":1096168,"date":"2023-10-09T11:59:32","date_gmt":"2023-10-09T09:59:32","guid":{"rendered":"https:\/\/mazury-zachodnie.pl\/?page_id=1096168"},"modified":"2025-12-23T16:12:23","modified_gmt":"2025-12-23T15:12:23","slug":"aplikacja","status":"publish","type":"page","link":"https:\/\/mazury-zachodnie.pl\/en\/aplikacja\/","title":{"rendered":"Aplikacja Odkryj Mazury Zachodnie"},"content":{"rendered":"<p>[et_pb_section fb_built=&#8221;1&#8243; custom_padding_last_edited=&#8221;off|desktop&#8221; admin_label=&#8221;Header&#8221; _builder_version=&#8221;4.22.2&#8243; background_color=&#8221;#71BF44&#8243; background_image=&#8221;https:\/\/mazury-zachodnie.pl\/wp-content\/uploads\/2023\/10\/mobile-app_89.png&#8221; background_position=&#8221;bottom_center&#8221; overflow-x=&#8221;hidden&#8221; overflow-y=&#8221;hidden&#8221; global_colors_info=&#8221;{}&#8221;][et_pb_row column_structure=&#8221;1_2,1_2&#8243; _builder_version=&#8221;4.22.2&#8243; max_width=&#8221;none&#8221; overflow-x=&#8221;visible&#8221; overflow-y=&#8221;visible&#8221; custom_margin=&#8221;||25px||false|false&#8221; custom_margin_tablet=&#8221;||25px||false|false&#8221; custom_margin_phone=&#8221;10%||||false|false&#8221; custom_margin_last_edited=&#8221;on|phone&#8221; global_colors_info=&#8221;{}&#8221;][et_pb_column type=&#8221;1_2&#8243; _builder_version=&#8221;4.16&#8243; custom_padding=&#8221;7vw||100px||false|false&#8221; custom_padding_tablet=&#8221;0px||0px||true|false&#8221; custom_padding_phone=&#8221;&#8221; custom_padding_last_edited=&#8221;on|tablet&#8221; global_colors_info=&#8221;{}&#8221;][et_pb_text _builder_version=&#8221;4.22.2&#8243; text_font=&#8221;Lato|600|||||||&#8221; text_font_size=&#8221;16px&#8221; header_font=&#8221;Poppins|700|||||||&#8221; header_font_size=&#8221;5vw&#8221; header_line_height=&#8221;1.2em&#8221; background_layout=&#8221;dark&#8221; custom_margin_tablet=&#8221;&#8221; custom_margin_phone=&#8221;||0px||false|false&#8221; custom_margin_last_edited=&#8221;on|phone&#8221; custom_padding_tablet=&#8221;&#8221; custom_padding_phone=&#8221;||0px||false|false&#8221; custom_padding_last_edited=&#8221;on|phone&#8221; animation_style=&#8221;slide&#8221; text_font_size_tablet=&#8221;16px&#8221; text_font_size_phone=&#8221;14px&#8221; text_font_size_last_edited=&#8221;on|phone&#8221; header_font_size_tablet=&#8221;50px&#8221; header_font_size_phone=&#8221;36px&#8221; header_font_size_last_edited=&#8221;on|phone&#8221; locked=&#8221;off&#8221; global_colors_info=&#8221;{}&#8221;]<\/p>\n<h1>Odkryj Mazury Zachodnie<\/h1>\n<p>Nasza aplikacja to\u00a0Tw\u00f3j\u00a0mobilny przewodnik po\u00a0Mazurach Zachodnich. Zaledwie kilka klikni\u0119\u0107 potrzeba, aby odkry\u0107 najpi\u0119kniejsze zak\u0105tki tego malowniczego regionu.<\/p>\n<p>W\u00a0aplikacji znajdziesz m.in.\u00a0<strong>polecane miejsca, zabytki, atrakcje, a\u00a0tak\u017ce trasy piesze, rowerowe i\u00a0kajakowe<\/strong>.<\/p>\n<p>&nbsp;<\/p>\n<p>[\/et_pb_text][et_pb_button button_url=&#8221;#wiecej&#8221; button_text=&#8221;Zobacz wi\u0119cej&#8221; button_alignment=&#8221;left&#8221; disabled_on=&#8221;off|off|off&#8221; _builder_version=&#8221;4.22.2&#8243; _module_preset=&#8221;default&#8221; custom_button=&#8221;on&#8221; button_text_color=&#8221;#71BF44&#8243; button_bg_color=&#8221;#FFFFFF&#8221; button_border_width=&#8221;2px&#8221; button_border_color=&#8221;RGBA(255,255,255,0)&#8221; button_border_radius=&#8221;50px&#8221; button_letter_spacing=&#8221;0px&#8221; button_use_icon=&#8221;off&#8221; display_conditions=&#8221;W10=&#8221; custom_margin=&#8221;30px||||false|false&#8221; custom_margin_tablet=&#8221;30px||||false|false&#8221; custom_margin_phone=&#8221;0px||||false|false&#8221; custom_margin_last_edited=&#8221;on|phone&#8221; custom_padding=&#8221;||||false|false&#8221; animation_style=&#8221;slide&#8221; global_colors_info=&#8221;{}&#8221; button_text_color__hover_enabled=&#8221;on|hover&#8221; button_text_color__hover=&#8221;#FFFFFF&#8221; button_border_color__hover_enabled=&#8221;off|hover&#8221; button_border_color__hover=&#8221;#46bf00&#8243; button_bg_color__hover_enabled=&#8221;on|desktop&#8221; button_bg_color__hover=&#8221;#71BF44&#8243; button_bg_enable_color__hover=&#8221;on&#8221; transform_styles__hover_enabled=&#8221;on|desktop&#8221; transform_scale__hover_enabled=&#8221;on|desktop&#8221; transform_translate__hover_enabled=&#8221;on|desktop&#8221; transform_rotate__hover_enabled=&#8221;on|desktop&#8221; transform_skew__hover_enabled=&#8221;on|desktop&#8221; transform_origin__hover_enabled=&#8221;on|desktop&#8221; transform_scale__hover=&#8221;107%|107%&#8221;][\/et_pb_button][et_pb_code _builder_version=&#8221;4.27.5&#8243; _module_preset=&#8221;default&#8221; hover_enabled=&#8221;0&#8243; locked=&#8221;off&#8221; global_colors_info=&#8221;{}&#8221; custom_padding=&#8221;||3px|||&#8221; sticky_enabled=&#8221;0&#8243;][\/et_pb_code][\/et_pb_column][et_pb_column type=&#8221;1_2&#8243; _builder_version=&#8221;4.16&#8243; global_colors_info=&#8221;{}&#8221;][et_pb_image src=&#8221;https:\/\/mazury-zachodnie.pl\/wp-content\/uploads\/2023\/10\/2-1-576&#215;1024.png&#8221; title_text=&#8221;2&#8243; disabled_on=&#8221;on|off|off&#8221; _builder_version=&#8221;4.22.2&#8243; transform_translate=&#8221;0px|96px&#8221; transform_translate_linked=&#8221;off&#8221; positioning=&#8221;absolute&#8221; position_origin_a=&#8221;top_right&#8221; vertical_offset=&#8221;-5%&#8221; horizontal_offset=&#8221;15%&#8221; width=&#8221;38%&#8221; animation_style=&#8221;slide&#8221; animation_direction=&#8221;right&#8221; global_colors_info=&#8221;{}&#8221;][\/et_pb_image][et_pb_image src=&#8221;https:\/\/mazury-zachodnie.pl\/wp-content\/uploads\/2023\/10\/1-1.png&#8221; title_text=&#8221;1&#8243; disabled_on=&#8221;on|off|off&#8221; _builder_version=&#8221;4.22.2&#8243; background_color=&#8221;RGBA(255,255,255,0)&#8221; positioning=&#8221;absolute&#8221; vertical_offset=&#8221;-28%&#8221; z_index=&#8221;1&#8243; width=&#8221;61%&#8221; custom_margin=&#8221;|||0px|false|false&#8221; animation_style=&#8221;slide&#8221; animation_direction=&#8221;right&#8221; global_colors_info=&#8221;{}&#8221;][\/et_pb_image][\/et_pb_column][\/et_pb_row][et_pb_row column_structure=&#8221;1_4,1_4,1_4,1_4&#8243; disabled_on=&#8221;on|on|off&#8221; _builder_version=&#8221;4.22.2&#8243; _module_preset=&#8221;default&#8221; custom_margin=&#8221;10%||||false|false&#8221; custom_padding=&#8221;25px||||false|false&#8221; global_colors_info=&#8221;{}&#8221;][et_pb_column type=&#8221;1_4&#8243; _builder_version=&#8221;4.22.2&#8243; _module_preset=&#8221;default&#8221; global_colors_info=&#8221;{}&#8221;][\/et_pb_column][et_pb_column type=&#8221;1_4&#8243; _builder_version=&#8221;4.22.2&#8243; _module_preset=&#8221;default&#8221; global_colors_info=&#8221;{}&#8221;][et_pb_image src=&#8221;https:\/\/mazury-zachodnie.pl\/wp-content\/uploads\/2023\/10\/1-300&#215;116.png&#8221; title_text=&#8221;1&#8243; url=&#8221;https:\/\/apps.apple.com\/pl\/app\/odkryj-mazury-zachodnie\/id6468991715&#8243; url_new_window=&#8221;on&#8221; _builder_version=&#8221;4.22.2&#8243; _module_preset=&#8221;default&#8221; animation_style=&#8221;slide&#8221; animation_direction=&#8221;left&#8221; global_colors_info=&#8221;{}&#8221;][\/et_pb_image][\/et_pb_column][et_pb_column type=&#8221;1_4&#8243; _builder_version=&#8221;4.22.2&#8243; _module_preset=&#8221;default&#8221; global_colors_info=&#8221;{}&#8221;][et_pb_image src=&#8221;https:\/\/mazury-zachodnie.pl\/wp-content\/uploads\/2023\/10\/2-300&#215;116.png&#8221; title_text=&#8221;2&#8243; url=&#8221;https:\/\/play.google.com\/store\/apps\/details?id=pl.amistad.treespot.zachodniomazurskalot&#8221; url_new_window=&#8221;on&#8221; _builder_version=&#8221;4.22.2&#8243; _module_preset=&#8221;default&#8221; animation_style=&#8221;slide&#8221; animation_direction=&#8221;right&#8221; global_colors_info=&#8221;{}&#8221;][\/et_pb_image][\/et_pb_column][et_pb_column type=&#8221;1_4&#8243; _builder_version=&#8221;4.22.2&#8243; _module_preset=&#8221;default&#8221; global_colors_info=&#8221;{}&#8221;][\/et_pb_column][\/et_pb_row][\/et_pb_section][et_pb_section fb_built=&#8221;1&#8243; disabled_on=&#8221;off|off|on&#8221; _builder_version=&#8221;4.22.2&#8243; _module_preset=&#8221;default&#8221; custom_margin=&#8221;0px||0px||false|false&#8221; custom_padding=&#8221;0px||0px||false|false&#8221; global_colors_info=&#8221;{}&#8221;][et_pb_row column_structure=&#8221;1_4,1_4,1_4,1_4&#8243; disabled_on=&#8221;off|off|on&#8221; _builder_version=&#8221;4.22.2&#8243; _module_preset=&#8221;default&#8221; custom_margin=&#8221;0px||0px||false|false&#8221; custom_padding=&#8221;0px||0px||false|false&#8221; global_colors_info=&#8221;{}&#8221;][et_pb_column type=&#8221;1_4&#8243; _builder_version=&#8221;4.22.2&#8243; _module_preset=&#8221;default&#8221; global_colors_info=&#8221;{}&#8221;][\/et_pb_column][et_pb_column type=&#8221;1_4&#8243; _builder_version=&#8221;4.22.2&#8243; _module_preset=&#8221;default&#8221; global_colors_info=&#8221;{}&#8221;][et_pb_image src=&#8221;https:\/\/mazury-zachodnie.pl\/wp-content\/uploads\/2023\/10\/1-300&#215;116.png&#8221; title_text=&#8221;1&#8243; url=&#8221;https:\/\/apps.apple.com\/pl\/app\/odkryj-mazury-zachodnie\/id6468991715&#8243; url_new_window=&#8221;on&#8221; align=&#8221;center&#8221; _builder_version=&#8221;4.22.2&#8243; _module_preset=&#8221;default&#8221; width=&#8221;70%&#8221; max_width=&#8221;70%&#8221; custom_margin=&#8221;0px||||false|false&#8221; custom_padding=&#8221;0px||||false|false&#8221; animation_style=&#8221;slide&#8221; animation_direction=&#8221;left&#8221; global_colors_info=&#8221;{}&#8221;][\/et_pb_image][\/et_pb_column][et_pb_column type=&#8221;1_4&#8243; _builder_version=&#8221;4.22.2&#8243; _module_preset=&#8221;default&#8221; global_colors_info=&#8221;{}&#8221;][et_pb_image src=&#8221;https:\/\/mazury-zachodnie.pl\/wp-content\/uploads\/2023\/10\/2-300&#215;116.png&#8221; title_text=&#8221;2&#8243; url=&#8221;https:\/\/play.google.com\/store\/apps\/details?id=pl.amistad.treespot.zachodniomazurskalot&#8221; url_new_window=&#8221;on&#8221; align=&#8221;center&#8221; _builder_version=&#8221;4.22.2&#8243; _module_preset=&#8221;default&#8221; width=&#8221;70%&#8221; max_width=&#8221;70%&#8221; animation_style=&#8221;slide&#8221; animation_direction=&#8221;right&#8221; global_colors_info=&#8221;{}&#8221;][\/et_pb_image][\/et_pb_column][et_pb_column type=&#8221;1_4&#8243; _builder_version=&#8221;4.22.2&#8243; _module_preset=&#8221;default&#8221; global_colors_info=&#8221;{}&#8221;][\/et_pb_column][\/et_pb_row][\/et_pb_section][et_pb_section fb_built=&#8221;1&#8243; custom_padding_last_edited=&#8221;off|desktop&#8221; admin_label=&#8221;Services&#8221; _builder_version=&#8221;4.16&#8243; custom_padding=&#8221;||||false|false&#8221; custom_padding_tablet=&#8221;0px||0px||true|false&#8221; global_colors_info=&#8221;{}&#8221;][et_pb_row column_structure=&#8221;1_3,1_3,1_3&#8243; _builder_version=&#8221;4.22.2&#8243; animation_style=&#8221;slide&#8221; link_option_url=&#8221;#&#8221; global_colors_info=&#8221;{}&#8221;][et_pb_column type=&#8221;1_3&#8243; _builder_version=&#8221;4.16&#8243; global_colors_info=&#8221;{}&#8221;][et_pb_blurb title=&#8221;Atrakcje&#8221; use_icon=&#8221;on&#8221; font_icon=&#8221;&#xf5a0;||fa||900&#8243; icon_color=&#8221;#71BF44&#8243; image_icon_width=&#8221;64px&#8221; icon_alignment=&#8221;left&#8221; _builder_version=&#8221;4.22.2&#8243; header_font=&#8221;Poppins|700|||||||&#8221; header_font_size=&#8221;24px&#8221; body_font=&#8221;Lato||||||||&#8221; animation=&#8221;off&#8221; border_radii_image=&#8221;on|5px|5px|5px|5px&#8221; global_colors_info=&#8221;{}&#8221;]<\/p>\n<p>Lista okolicznych atrakcji dla ka\u017cdego. <strong>Aquaparki, SPA, skateparki<\/strong>, a\u00a0tak\u017ce <strong>pla\u017ce i\u00a0k\u0105pieliska<\/strong> oraz<strong> place zabaw dla dzieci<\/strong>.<\/p>\n<p>[\/et_pb_blurb][\/et_pb_column][et_pb_column type=&#8221;1_3&#8243; _builder_version=&#8221;4.16&#8243; global_colors_info=&#8221;{}&#8221;][et_pb_blurb title=&#8221;Szlaki&#8221; use_icon=&#8221;on&#8221; font_icon=&#8221;&#xf6ec;||fa||900&#8243; icon_color=&#8221;#71BF44&#8243; image_icon_width=&#8221;64px&#8221; icon_alignment=&#8221;left&#8221; _builder_version=&#8221;4.22.2&#8243; header_font=&#8221;Poppins|700|||||||&#8221; header_font_size=&#8221;24px&#8221; body_font=&#8221;Lato||||||||&#8221; animation=&#8221;off&#8221; border_radii_image=&#8221;on|5px|5px|5px|5px&#8221; global_colors_info=&#8221;{}&#8221;]<\/p>\n<p>Bogaty zbi\u00f3r szlak\u00f3w wiod\u0105cych po\u00a0Mazurach Zachodnich. Ka\u017cdy szlak posiada opis w\u00a0postaci <strong>dystansu<\/strong>, <strong>poziomu trudno\u015bci<\/strong> oraz\u00a0<strong>czasu<\/strong>, kt\u00f3ry\u00a0nale\u017cy przeznaczy\u0107 na\u00a0pokonanie trasy.<\/p>\n<p>[\/et_pb_blurb][\/et_pb_column][et_pb_column type=&#8221;1_3&#8243; _builder_version=&#8221;4.16&#8243; global_colors_info=&#8221;{}&#8221;][et_pb_blurb title=&#8221;Obiekty&#8221; use_icon=&#8221;on&#8221; font_icon=&#8221;&#xf0fd;||fa||900&#8243; icon_color=&#8221;#71BF44&#8243; image_icon_width=&#8221;64px&#8221; icon_alignment=&#8221;left&#8221; _builder_version=&#8221;4.22.2&#8243; header_font=&#8221;Poppins|700|||||||&#8221; header_font_size=&#8221;24px&#8221; body_font=&#8221;Lato||||||||&#8221; animation=&#8221;off&#8221; border_radii_image=&#8221;on|5px|5px|5px|5px&#8221; global_colors_info=&#8221;{}&#8221;]<\/p>\n<p>Lista zaufanych obiekt\u00f3w oferuj\u0105cych <strong>noclegi, a\u00a0tak\u017ce restauracje, bary i\u00a0karczmy<\/strong>. Komfortowy nocleg i\u00a0pyszne jedzenie to\u00a0<strong>klucz do\u00a0odkrycia Mazur Zachodnich.<\/strong><\/p>\n<p>[\/et_pb_blurb][\/et_pb_column][\/et_pb_row][\/et_pb_section][et_pb_section fb_built=&#8221;1&#8243; _builder_version=&#8221;4.22.2&#8243; _module_preset=&#8221;default&#8221; global_colors_info=&#8221;{}&#8221;][et_pb_row column_structure=&#8221;1_2,1_2&#8243; module_id=&#8221;wiecej&#8221; _builder_version=&#8221;4.22.2&#8243; _module_preset=&#8221;default&#8221; global_colors_info=&#8221;{}&#8221;][et_pb_column type=&#8221;1_2&#8243; _builder_version=&#8221;4.22.2&#8243; _module_preset=&#8221;default&#8221; global_colors_info=&#8221;{}&#8221;][et_pb_image src=&#8221;https:\/\/mazury-zachodnie.pl\/wp-content\/uploads\/2023\/10\/3-576&#215;1024.png&#8221; title_text=&#8221;3&#8243; _builder_version=&#8221;4.22.2&#8243; _module_preset=&#8221;default&#8221; width=&#8221;60%&#8221; module_alignment=&#8221;center&#8221; animation_style=&#8221;slide&#8221; animation_direction=&#8221;left&#8221; global_colors_info=&#8221;{}&#8221;][\/et_pb_image][\/et_pb_column][et_pb_column type=&#8221;1_2&#8243; _builder_version=&#8221;4.22.2&#8243; _module_preset=&#8221;default&#8221; global_colors_info=&#8221;{}&#8221;][et_pb_icon font_icon=&#8221;&#xe052;||divi||400&#8243; icon_color=&#8221;#71BF44&#8243; icon_width=&#8221;82px&#8221; align=&#8221;left&#8221; _builder_version=&#8221;4.22.2&#8243; _module_preset=&#8221;default&#8221; animation_style=&#8221;slide&#8221; locked=&#8221;off&#8221; global_colors_info=&#8221;{}&#8221;][\/et_pb_icon][et_pb_text _builder_version=&#8221;4.22.2&#8243; text_font_size=&#8221;16px&#8221; text_line_height=&#8221;1.8em&#8221; header_font=&#8221;Poppins||||||||&#8221; header_2_font=&#8221;Poppins|700|||||||&#8221; header_2_font_size=&#8221;3vw&#8221; header_2_line_height=&#8221;1.2em&#8221; max_width=&#8221;800px&#8221; animation_style=&#8221;slide&#8221; header_2_font_size_tablet=&#8221;40px&#8221; header_2_font_size_phone=&#8221;30px&#8221; header_2_font_size_last_edited=&#8221;on|desktop&#8221; locked=&#8221;off&#8221; global_colors_info=&#8221;{}&#8221;]<\/p>\n<h2 style=\"text-align: left;\">Wszystko pod\u00a0r\u0119k\u0105<\/h2>\n<p style=\"text-align: left;\">Koniec ze&nbsp;sk\u0142adanymi na&nbsp;milion cz\u0119\u015bci mapami oraz&nbsp;grubymi i&nbsp;ci\u0119\u017ckimi przewodnikami. Aplikacja <em>Odkryj Mazury Zachodnie <\/em>zawiera <strong>wszystko to, co&nbsp;wa\u017cne dla podr\u00f3\u017cnika i&nbsp;turysty<\/strong>. Miejsca, kt\u00f3re warto odwiedzi\u0107, lista najlepszych atrakcji, rekomendowane noclegi i&nbsp;restauracje, szlaki, historia regionu i&nbsp;zabytk\u00f3w &#8211; <strong>to&nbsp;wszystko w&nbsp;Twoim telefonie<\/strong>.<\/p>\n<p style=\"text-align: left;\"><strong>Kliknij i&nbsp;odkrywaj<\/strong> Mazury Zachodnie!<\/p>\n<p>[\/et_pb_text][\/et_pb_column][\/et_pb_row][\/et_pb_section][et_pb_section fb_built=&#8221;1&#8243; _builder_version=&#8221;4.22.2&#8243; _module_preset=&#8221;default&#8221; global_colors_info=&#8221;{}&#8221;][et_pb_row column_structure=&#8221;1_2,1_2&#8243; _builder_version=&#8221;4.22.2&#8243; _module_preset=&#8221;default&#8221; global_colors_info=&#8221;{}&#8221;][et_pb_column type=&#8221;1_2&#8243; _builder_version=&#8221;4.22.2&#8243; _module_preset=&#8221;default&#8221; global_colors_info=&#8221;{}&#8221;][et_pb_icon font_icon=&#8221;&#xf277;||fa||900&#8243; icon_color=&#8221;#71BF44&#8243; icon_width=&#8221;82px&#8221; align=&#8221;left&#8221; _builder_version=&#8221;4.22.2&#8243; _module_preset=&#8221;default&#8221; animation_style=&#8221;slide&#8221; locked=&#8221;off&#8221; global_colors_info=&#8221;{}&#8221;][\/et_pb_icon][et_pb_text _builder_version=&#8221;4.22.2&#8243; text_font_size=&#8221;16px&#8221; text_line_height=&#8221;1.8em&#8221; header_font=&#8221;Poppins||||||||&#8221; header_2_font=&#8221;Poppins|700|||||||&#8221; header_2_font_size=&#8221;3vw&#8221; header_2_line_height=&#8221;1.2em&#8221; max_width=&#8221;800px&#8221; animation_style=&#8221;slide&#8221; header_2_font_size_tablet=&#8221;40px&#8221; header_2_font_size_phone=&#8221;30px&#8221; header_2_font_size_last_edited=&#8221;on|desktop&#8221; locked=&#8221;off&#8221; global_colors_info=&#8221;{}&#8221;]<\/p>\n<h2>Szlaki piesze, rowerowe i\u00a0kajakowe<\/h2>\n<p>To&nbsp;jedna z&nbsp;<strong>najwa\u017cniejszych funkcji<\/strong> aplikacji. Doskonale opisane i&nbsp;zwizualizowane szlaki turystyczne pomog\u0105 Ci&nbsp;w&nbsp;<strong>dok\u0142adnym i&nbsp;uwa\u017cnym odkrywaniu<\/strong> pi\u0119kna Mazur Zachodnich. To&nbsp;w\u0142a\u015bnie tu&nbsp;zaczyna si\u0119 <strong>podr\u00f3\u017c do&nbsp;krainy harmonii i&nbsp;zachwytu<\/strong>.<\/p>\n<p>Szlaki zosta\u0142y opisane takimi danymi, jak: <strong>typ szlaku, kolor, lokalizacja, poziom trudno\u015bci oraz&nbsp;dystans<\/strong>.<\/p>\n<p>&nbsp;<\/p>\n<p>[\/et_pb_text][\/et_pb_column][et_pb_column type=&#8221;1_2&#8243; _builder_version=&#8221;4.22.2&#8243; _module_preset=&#8221;default&#8221; global_colors_info=&#8221;{}&#8221;][et_pb_image src=&#8221;https:\/\/mazury-zachodnie.pl\/wp-content\/uploads\/2023\/10\/2-1-576&#215;1024.png&#8221; title_text=&#8221;2&#8243; _builder_version=&#8221;4.22.2&#8243; _module_preset=&#8221;default&#8221; width=&#8221;60%&#8221; module_alignment=&#8221;center&#8221; animation_style=&#8221;slide&#8221; animation_direction=&#8221;right&#8221; global_colors_info=&#8221;{}&#8221;][\/et_pb_image][\/et_pb_column][\/et_pb_row][\/et_pb_section][et_pb_section fb_built=&#8221;1&#8243; admin_label=&#8221;Footer&#8221; _builder_version=&#8221;4.22.2&#8243; background_color=&#8221;#71BF44&#8243; background_image=&#8221;https:\/\/mazury-zachodnie.pl\/wp-content\/uploads\/2023\/10\/mobile-app_85.png&#8221; background_position=&#8221;top_center&#8221; custom_margin=&#8221;8vw||||false|false&#8221; custom_margin_tablet=&#8221;0px||||false|false&#8221; custom_margin_last_edited=&#8221;off|desktop&#8221; custom_padding=&#8221;||8vw||false|false&#8221; global_colors_info=&#8221;{}&#8221;][et_pb_row column_structure=&#8221;1_2,1_2&#8243; _builder_version=&#8221;4.22.2&#8243; max_width=&#8221;none&#8221; animation_style=&#8221;slide&#8221; animation_direction=&#8221;bottom&#8221; global_colors_info=&#8221;{}&#8221;][et_pb_column type=&#8221;1_2&#8243; _builder_version=&#8221;4.16&#8243; global_colors_info=&#8221;{}&#8221;][et_pb_image src=&#8221;https:\/\/mazury-zachodnie.pl\/wp-content\/uploads\/2023\/10\/1-1.png&#8221; title_text=&#8221;1&#8243; disabled_on=&#8221;on|off|off&#8221; _builder_version=&#8221;4.22.2&#8243; background_color=&#8221;RGBA(255,255,255,0)&#8221; positioning=&#8221;absolute&#8221; position_origin_a=&#8221;top_right&#8221; vertical_offset=&#8221;-28%&#8221; z_index=&#8221;1&#8243; width=&#8221;61%&#8221; custom_margin=&#8221;|||0px|false|false&#8221; animation_direction=&#8221;bottom&#8221; global_colors_info=&#8221;{}&#8221;][\/et_pb_image][\/et_pb_column][et_pb_column type=&#8221;1_2&#8243; _builder_version=&#8221;4.16&#8243; custom_padding=&#8221;8vw||||false|false&#8221; custom_padding_tablet=&#8221;0px||||false|false&#8221; custom_padding_last_edited=&#8221;off|desktop&#8221; global_colors_info=&#8221;{}&#8221;][et_pb_text _builder_version=&#8221;4.22.2&#8243; text_font_size=&#8221;16px&#8221; text_line_height=&#8221;1.8em&#8221; header_2_font=&#8221;Poppins|700|||||||&#8221; header_2_font_size=&#8221;5vw&#8221; header_2_line_height=&#8221;1.2em&#8221; background_layout=&#8221;dark&#8221; header_2_font_size_tablet=&#8221;60px&#8221; header_2_font_size_phone=&#8221;50px&#8221; header_2_font_size_last_edited=&#8221;on|phone&#8221; locked=&#8221;off&#8221; global_colors_info=&#8221;{}&#8221;]<\/p>\n<h2>Pobierz aplikacj\u0119<\/h2>\n<p>Je\u015bli chcesz w&nbsp;pe\u0142ni odkry\u0107 pi\u0119kno Mazur Zachodnich, pobierz nasz\u0105 aplikacj\u0119 ju\u017c dzi\u015b:<\/p>\n<p>[\/et_pb_text][\/et_pb_column][\/et_pb_row][et_pb_row column_structure=&#8221;1_2,1_4,1_4&#8243; disabled_on=&#8221;on|on|off&#8221; _builder_version=&#8221;4.22.2&#8243; _module_preset=&#8221;default&#8221; animation_style=&#8221;slide&#8221; animation_direction=&#8221;bottom&#8221; global_colors_info=&#8221;{}&#8221;][et_pb_column type=&#8221;1_2&#8243; _builder_version=&#8221;4.22.2&#8243; _module_preset=&#8221;default&#8221; global_colors_info=&#8221;{}&#8221;][\/et_pb_column][et_pb_column type=&#8221;1_4&#8243; _builder_version=&#8221;4.22.2&#8243; _module_preset=&#8221;default&#8221; global_colors_info=&#8221;{}&#8221;][et_pb_image src=&#8221;https:\/\/mazury-zachodnie.pl\/wp-content\/uploads\/2023\/10\/1-300&#215;116.png&#8221; title_text=&#8221;1&#8243; url=&#8221;https:\/\/apps.apple.com\/pl\/app\/odkryj-mazury-zachodnie\/id6468991715&#8243; url_new_window=&#8221;on&#8221; _builder_version=&#8221;4.22.2&#8243; _module_preset=&#8221;default&#8221; module_alignment=&#8221;center&#8221; animation_style=&#8221;slide&#8221; animation_direction=&#8221;left&#8221; locked=&#8221;off&#8221; global_colors_info=&#8221;{}&#8221;][\/et_pb_image][\/et_pb_column][et_pb_column type=&#8221;1_4&#8243; _builder_version=&#8221;4.22.2&#8243; _module_preset=&#8221;default&#8221; global_colors_info=&#8221;{}&#8221;][et_pb_image src=&#8221;https:\/\/mazury-zachodnie.pl\/wp-content\/uploads\/2023\/10\/2-300&#215;116.png&#8221; title_text=&#8221;2&#8243; url=&#8221;https:\/\/play.google.com\/store\/apps\/details?id=pl.amistad.treespot.zachodniomazurskalot&#8221; url_new_window=&#8221;on&#8221; _builder_version=&#8221;4.22.2&#8243; _module_preset=&#8221;default&#8221; module_alignment=&#8221;center&#8221; animation_style=&#8221;slide&#8221; animation_direction=&#8221;left&#8221; locked=&#8221;off&#8221; global_colors_info=&#8221;{}&#8221;][\/et_pb_image][\/et_pb_column][\/et_pb_row][\/et_pb_section][et_pb_section fb_built=&#8221;1&#8243; disabled_on=&#8221;off|off|on&#8221; _builder_version=&#8221;4.22.2&#8243; _module_preset=&#8221;default&#8221; locked=&#8221;off&#8221; global_colors_info=&#8221;{}&#8221;][et_pb_row column_structure=&#8221;1_4,1_4,1_4,1_4&#8243; disabled_on=&#8221;off|off|on&#8221; _builder_version=&#8221;4.22.2&#8243; _module_preset=&#8221;default&#8221; global_colors_info=&#8221;{}&#8221;][et_pb_column type=&#8221;1_4&#8243; _builder_version=&#8221;4.22.2&#8243; _module_preset=&#8221;default&#8221; global_colors_info=&#8221;{}&#8221;][\/et_pb_column][et_pb_column type=&#8221;1_4&#8243; _builder_version=&#8221;4.22.2&#8243; _module_preset=&#8221;default&#8221; global_colors_info=&#8221;{}&#8221;][et_pb_image src=&#8221;https:\/\/mazury-zachodnie.pl\/wp-content\/uploads\/2023\/10\/1-300&#215;116.png&#8221; title_text=&#8221;1&#8243; url=&#8221;https:\/\/apps.apple.com\/pl\/app\/odkryj-mazury-zachodnie\/id6468991715&#8243; url_new_window=&#8221;on&#8221; align=&#8221;center&#8221; _builder_version=&#8221;4.22.2&#8243; _module_preset=&#8221;default&#8221; width=&#8221;70%&#8221; max_width=&#8221;70%&#8221; animation_style=&#8221;slide&#8221; animation_direction=&#8221;left&#8221; global_colors_info=&#8221;{}&#8221;][\/et_pb_image][\/et_pb_column][et_pb_column type=&#8221;1_4&#8243; _builder_version=&#8221;4.22.2&#8243; _module_preset=&#8221;default&#8221; global_colors_info=&#8221;{}&#8221;][et_pb_image src=&#8221;https:\/\/mazury-zachodnie.pl\/wp-content\/uploads\/2023\/10\/2-300&#215;116.png&#8221; title_text=&#8221;2&#8243; url=&#8221;https:\/\/play.google.com\/store\/apps\/details?id=pl.amistad.treespot.zachodniomazurskalot&#8221; url_new_window=&#8221;on&#8221; align=&#8221;center&#8221; _builder_version=&#8221;4.22.2&#8243; _module_preset=&#8221;default&#8221; width=&#8221;70%&#8221; max_width=&#8221;70%&#8221; animation_style=&#8221;slide&#8221; animation_direction=&#8221;right&#8221; global_colors_info=&#8221;{}&#8221;][\/et_pb_image][\/et_pb_column][et_pb_column type=&#8221;1_4&#8243; _builder_version=&#8221;4.22.2&#8243; _module_preset=&#8221;default&#8221; global_colors_info=&#8221;{}&#8221;][\/et_pb_column][\/et_pb_row][\/et_pb_section]<\/p>\n","protected":false},"excerpt":{"rendered":"<p>Odkryj Mazury Zachodnie Nasza aplikacja to\u00a0Tw\u00f3j\u00a0mobilny przewodnik po\u00a0Mazurach Zachodnich. Zaledwie kilka klikni\u0119\u0107 potrzeba, aby odkry\u0107 najpi\u0119kniejsze zak\u0105tki tego malowniczego regionu. W\u00a0aplikacji znajdziesz m.in.\u00a0polecane miejsca, zabytki, atrakcje, a\u00a0tak\u017ce trasy piesze, rowerowe [&hellip;]<\/p>\n","protected":false},"author":5,"featured_media":0,"parent":0,"menu_order":0,"comment_status":"closed","ping_status":"closed","template":"","meta":{"_acf_changed":false,"_et_pb_use_builder":"on","_et_pb_old_content":"","_et_gb_content_width":"","iawp_total_views":104,"footnotes":""},"class_list":["post-1096168","page","type-page","status-publish","hentry"],"acf":[],"_links":{"self":[{"href":"https:\/\/mazury-zachodnie.pl\/en\/wp-json\/wp\/v2\/pages\/1096168","targetHints":{"allow":["GET"]}}],"collection":[{"href":"https:\/\/mazury-zachodnie.pl\/en\/wp-json\/wp\/v2\/pages"}],"about":[{"href":"https:\/\/mazury-zachodnie.pl\/en\/wp-json\/wp\/v2\/types\/page"}],"author":[{"embeddable":true,"href":"https:\/\/mazury-zachodnie.pl\/en\/wp-json\/wp\/v2\/users\/5"}],"replies":[{"embeddable":true,"href":"https:\/\/mazury-zachodnie.pl\/en\/wp-json\/wp\/v2\/comments?post=1096168"}],"version-history":[{"count":69,"href":"https:\/\/mazury-zachodnie.pl\/en\/wp-json\/wp\/v2\/pages\/1096168\/revisions"}],"predecessor-version":[{"id":1100659,"href":"https:\/\/mazury-zachodnie.pl\/en\/wp-json\/wp\/v2\/pages\/1096168\/revisions\/1100659"}],"wp:attachment":[{"href":"https:\/\/mazury-zachodnie.pl\/en\/wp-json\/wp\/v2\/media?parent=1096168"}],"curies":[{"name":"wp","href":"https:\/\/api.w.org\/{rel}","templated":true}]}}