{"id":1088509,"date":"2023-04-13T15:27:21","date_gmt":"2023-04-13T13:27:21","guid":{"rendered":"https:\/\/mazury2023.mazury-zachodnie.pl\/?page_id=1088509"},"modified":"2023-05-04T11:51:15","modified_gmt":"2023-05-04T09:51:15","slug":"rodo","status":"publish","type":"page","link":"https:\/\/mazury-zachodnie.pl\/ger\/rodo\/","title":{"rendered":"Schutz pers\u00f6nlicher Daten"},"content":{"rendered":"<p>[et_pb_section fb_built=&#8221;1&#8243; _builder_version=&#8221;4.20.2&#8243; _module_preset=&#8221;default&#8221; global_colors_info=&#8221;{}&#8221; theme_builder_area=&#8221;post_content&#8221; background_color=&#8221;#FFFFFF&#8221; background_color_gradient_direction=&#8221;90deg&#8221; background_enable_image=&#8221;off&#8221; background_blend=&#8221;multiply&#8221; custom_padding=&#8221;||10px||false|false&#8221; custom_margin=&#8221;50px||||false|false&#8221;][et_pb_row admin_label=&#8221;Blurb &#8211; Row&#8221; _builder_version=&#8221;4.20.2&#8243; width=&#8221;90%&#8221; max_width=&#8221;480px&#8221; custom_padding=&#8221;||3px||false|false&#8221; locked=&#8221;off&#8221; global_colors_info=&#8221;{}&#8221; theme_builder_area=&#8221;post_content&#8221;][et_pb_column type=&#8221;4_4&#8243; _builder_version=&#8221;4.16&#8243; global_colors_info=&#8221;{}&#8221; theme_builder_area=&#8221;post_content&#8221;][et_pb_text _builder_version=&#8221;4.20.2&#8243; _module_preset=&#8221;default&#8221; text_font=&#8221;Poppins|600|||||||&#8221; text_text_color=&#8221;#333333&#8243; text_font_size=&#8221;32px&#8221; text_line_height=&#8221;1.5em&#8221; header_font=&#8221;Roboto|700|||||||&#8221; header_text_color=&#8221;#FFFFFF&#8221; header_font_size=&#8221;55px&#8221; custom_margin=&#8221;21px||21px||false|false&#8221; custom_margin_tablet=&#8221;21px||21px||false|false&#8221; custom_margin_phone=&#8221;8vh||||false|false&#8221; custom_margin_last_edited=&#8221;on|phone&#8221; custom_padding=&#8221;|||80px|false|false&#8221; text_font_size_tablet=&#8221;28px&#8221; text_font_size_phone=&#8221;21px&#8221; text_font_size_last_edited=&#8221;on|phone&#8221; custom_css_before=&#8221;content: %22%22;||position: absolute;||top: 50%;||right: 0;||left: 0;||width: 60px;||height: 2px;||background-color: #71BF44;||-webkit-transform: translateY(-50%);||        -ms-transform: translateY(-50%);||            transform: translateY(-50%);&#8221; custom_css_main_element=&#8221;position: relative;&#8221; global_colors_info=&#8221;{}&#8221; theme_builder_area=&#8221;post_content&#8221;]<\/p>\n<p>Mazury Zachodnie<\/p>\n<p>[\/et_pb_text][\/et_pb_column][\/et_pb_row][et_pb_row admin_label=&#8221;Blurb &#8211; Row&#8221; _builder_version=&#8221;4.20.2&#8243; width=&#8221;90%&#8221; max_width=&#8221;920px&#8221; custom_margin=&#8221;0px||||false|false&#8221; custom_padding=&#8221;0px||3px||false|false&#8221; locked=&#8221;off&#8221; global_colors_info=&#8221;{}&#8221; theme_builder_area=&#8221;post_content&#8221;][et_pb_column type=&#8221;4_4&#8243; _builder_version=&#8221;4.16&#8243; global_colors_info=&#8221;{}&#8221; theme_builder_area=&#8221;post_content&#8221;][et_pb_text _builder_version=&#8221;4.20.2&#8243; _module_preset=&#8221;default&#8221; text_font=&#8221;Poppins|700|||||||&#8221; text_text_color=&#8221;#FFFFFF&#8221; text_font_size=&#8221;4vw&#8221; text_line_height=&#8221;1.5em&#8221; header_font=&#8221;Roboto|700|||||||&#8221; header_text_color=&#8221;#FFFFFF&#8221; header_font_size=&#8221;55px&#8221; text_orientation=&#8221;center&#8221; custom_margin=&#8221;0px||21px||false|false&#8221; custom_padding=&#8221;|||0px|false|false&#8221; text_font_size_tablet=&#8221;8vw&#8221; text_font_size_phone=&#8221;10vw&#8221; text_font_size_last_edited=&#8221;on|phone&#8221; global_colors_info=&#8221;{}&#8221; theme_builder_area=&#8221;post_content&#8221;]<\/p>\n<p><span style=\"color: #333;\">RODO<\/span><span style=\"color: #71bf44;\">.<\/span><\/p>\n<p>[\/et_pb_text][\/et_pb_column][\/et_pb_row][et_pb_row _builder_version=&#8221;4.20.2&#8243; _module_preset=&#8221;default&#8221; global_colors_info=&#8221;{}&#8221; theme_builder_area=&#8221;post_content&#8221;][et_pb_column type=&#8221;4_4&#8243; _builder_version=&#8221;4.20.2&#8243; _module_preset=&#8221;default&#8221; global_colors_info=&#8221;{}&#8221; theme_builder_area=&#8221;post_content&#8221;][et_pb_text _builder_version=&#8221;4.20.2&#8243; _module_preset=&#8221;default&#8221; header_font=&#8221;Poppins||||||||&#8221; header_4_font=&#8221;Poppins|600|||||||&#8221; header_4_text_color=&#8221;#333333&#8243; global_colors_info=&#8221;{}&#8221; theme_builder_area=&#8221;post_content&#8221;]<\/p>\n<article>\n<h1 style=\"text-align: center;\">Obowi\u0105zek informacyjny RODO<\/h1>\n<p>Poni\u017csza informacja stanowi zwi\u0119z\u0142y, zrozumia\u0142y i przejrzysty skr\u00f3t informacji zamieszczonych w <a href=\"https:\/\/mazury-zachodnie.pl\/polityka-prywatnosci\">Polityce Prywatno\u015bci<\/a> odno\u015bnie Administratora danych, celu i sposobu przetwarzania danych osobowych oraz Twoich praw w zwi\u0105zku z tym przetwarzaniem, w formie wymaganej do spe\u0142nienia obowi\u0105zku informacyjnego RODO. Szczeg\u00f3\u0142y dotycz\u0105ce sposobu przetwarzania i podmiot\u00f3w uczestnicz\u0105cych w tym procesie dost\u0119pne s\u0105 we wskazanej polityce.<\/p>\n<h2>Kto jest administratorem danych?<\/h2>\n<p>Administratorem Danych Osobowych (dalej Administrator) jest firma &#8222;Stowarzyszenie Zachodniomazurska Lokalna Organizacja Turystyczna&#8221;, prowadz\u0105ca dzia\u0142alno\u015b\u0107 pod adresem: ul. Jana III Sobieskiego 9, 14-100 Ostr\u00f3da, o nadanym numerze identyfikacji podatkowej (NIP): 7412005737, \u015bwiadcz\u0105ca us\u0142ugi drog\u0105 elektroniczn\u0105 za po\u015brednictwem Serwisu<\/p>\n<h2>Jak mo\u017cna skontaktowa\u0107 si\u0119 z administratorem danych?<\/h2>\n<p>Z Administratorem mo\u017cna skontaktowa\u0107 si\u0119 w jeden z poni\u017cszych sposob\u00f3w<\/p>\n<ul>\n<li>\n<p><strong>Adres pocztowy<\/strong> &#8211; Stowarzyszenie Zachodniomazurska Lokalna Organizacja Turystyczna, ul. Jana III Sobieskiego 9, 14-100 Ostr\u00f3da<\/p>\n<\/li>\n<li>\n<p><strong>Adres poczty elektronicznej<\/strong> &#8211; biuro@mazury-zachodnie.pl<\/p>\n<\/li>\n<li>\n<p><strong>Po\u0142\u0105czenie telefoniczne<\/strong> &#8211; +48 501 220 085<\/p>\n<\/li>\n<li>\n<p><strong>Formularz kontaktowy<\/strong> &#8211; dost\u0119pny pod adresem: https:\/\/mazury-zachodnie.pl\/kontakt<\/p>\n<\/li>\n<\/ul>\n<h2>Czy Administrator powo\u0142a\u0142 Inspektora Danych Osobowych?<\/h2>\n<p>Na podstawie Art. 37 RODO, Administrator nie powo\u0142a\u0142 Inspektora Ochrony Danych.<\/p>\n<p>W sprawach dotycz\u0105cych przetwarzania danych, w tym danych osobowych, nale\u017cy kontaktowa\u0107 si\u0119 bezpo\u015brednio z Administratorem.<\/p>\n<h2>Sk\u0105d pozyskujemy dane osobowe i jakie s\u0105 ich \u017ar\u00f3d\u0142a?<\/h2>\n<p>Dane pozyskiwane s\u0105 z nast\u0119puj\u0105cych \u017ar\u00f3de\u0142:<\/p>\n<ul>\n<li>od os\u00f3b, kt\u00f3rych dane dotycz\u0105<\/li>\n<li>w przypadku rejestracji przy u\u017cyciu portali spo\u0142eczno\u015bciowych, za wyra\u017con\u0105 \u015bwiadom\u0105 zgod\u0105 tych os\u00f3b, z tych portali spo\u0142eczno\u015bciowych<\/li>\n<\/ul>\n<h2>Jaki jest zakres przetwarzanych przez nas danych osobowych?<\/h2>\n<p>W serwisie przetwarzane s\u0105 <strong>dane osobowe zwyk\u0142e<\/strong>, podane dobrowolnie przez osoby, kt\u00f3rych dotycz\u0105<br \/><small>(Np. imi\u0119 i nazwisko, login, adres e-mail, telefon, adres IP, itp.)<\/small><\/p>\n<p>Szczeg\u00f3\u0142owy zakres przetwarzanych danych dost\u0119pny jest w <a href=\"https:\/\/mazury-zachodnie.pl\/polityka-prywatnosci\">Polityce Prywatno\u015bci<\/a>.<\/p>\n<h2>Jakie s\u0105 cele przetwarzania przez nas danych?<\/h2>\n<p>Dane osobowe dobrowolnie podane przez U\u017cytkownik\u00f3w s\u0105 przetwarzane w jednym z nast\u0119puj\u0105cych cel\u00f3w:<\/p>\n<ul>\n<li>Realizacji us\u0142ug elektronicznych:\n<ul>\n<li>Us\u0142ugi rejestracji i utrzymania konta U\u017cytkownika w Serwisie i funkcjonalno\u015bci z nim zwi\u0105zanych<\/li>\n<li>Us\u0142ugi Newslettera (w tym przesy\u0142ania za zgod\u0105 tre\u015bci reklamowych)<\/li>\n<li>Us\u0142ugi komentowania \/ polubienia wpis\u00f3w w Serwisie bez konieczno\u015bci rejestrowania si\u0119<\/li>\n<\/ul>\n<\/li>\n<li>Komunikacji Administratora z U\u017cytkownikami w sprawach zwi\u0105zanych z Serwisem oraz ochrony danych<\/li>\n<li>Zapewnienia prawnie uzasadnionego interesu Administratora<\/li>\n<\/ul>\n<h2>Jakie s\u0105 podstawy prawne przetwarzania danych?<\/h2>\n<p>Serwis gromadzi i przetwarza dane U\u017cytkownik\u00f3w na podstawie:<\/p>\n<ul>\n<li>Rozporz\u0105dzenia Parlamentu Europejskiego i Rady (UE) 2016\/679 z dnia 27 kwietnia 2016 r. w sprawie ochrony os\u00f3b fizycznych w zwi\u0105zku z przetwarzaniem danych osobowych i w sprawie swobodnego przep\u0142ywu takich danych oraz uchylenia dyrektywy 95\/46\/WE (og\u00f3lne rozporz\u0105dzenie o ochronie danych)\n<ul>\n<li>art. 6 ust. 1 lit. a<br \/><small>osoba, kt\u00f3rej dane dotycz\u0105 wyrazi\u0142a zgod\u0119 na przetwarzanie swoich danych osobowych w jednym lub wi\u0119kszej liczbie okre\u015blonych cel\u00f3w<\/small><\/li>\n<li>art. 6 ust. 1 lit. b<br \/><small>przetwarzanie jest niezb\u0119dne do wykonania umowy, kt\u00f3rej stron\u0105 jest osoba, kt\u00f3rej dane dotycz\u0105, lub do podj\u0119cia dzia\u0142a\u0144 na \u017c\u0105danie osoby, kt\u00f3rej dane dotycz\u0105, przed zawarciem umowy<\/small><\/li>\n<li>art. 6 ust. 1 lit. f<br \/><small>przetwarzanie jest niezb\u0119dne do cel\u00f3w wynikaj\u0105cych z prawnie uzasadnionych interes\u00f3w realizowanych przez administratora lub przez stron\u0119 trzeci\u0105<\/small><\/li>\n<\/ul>\n<\/li>\n<li>Ustawa z dnia 10 maja 2018 r. o ochronie danych osobowych (Dz.U. 2018 poz. 1000)<\/li>\n<li>Ustawa z dnia 16 lipca 2004 r. Prawo telekomunikacyjne (Dz.U. 2004 nr 171 poz. 1800)<\/li>\n<li>Ustawa z dnia 4 lutego 1994 r. o prawie autorskim i prawach pokrewnych (Dz. U. 1994 Nr 24 poz. 83)<\/li>\n<\/ul>\n<h2>Jaki jest prawnie uzasadniony interes realizowany przez Administratora?<\/h2>\n<ul>\n<li>W celu ewentualnego ustalenia, dochodzenia lub obrony przed roszczeniami \u2013 podstaw\u0105 prawn\u0105 przetwarzania jest nasz uzasadniony interes (art. 6 ust. 1 lit. f) RODO) polegaj\u0105cy na ochronie naszych praw, w tym mi\u0119dzy innymi;<\/li>\n<li>W celu oceny ryzyka potencjalnych klient\u00f3w<\/li>\n<li>W celu oceny planowanych kampanii marketingowych<\/li>\n<li>W celu realizacji marketingu bezpo\u015bredniego<\/li>\n<\/ul>\n<h2>Przez jaki okres przetwarzamy dane osobowe?<\/h2>\n<p>Co do zasady, wskazane dane osobowe s\u0105 przechowywane wy\u0142\u0105cznie przez okres \u015bwiadczenia us\u0142ugi w ramach prowadzonego serwisu przez Administratora. S\u0105 one usuwane lub anonimizowane w okresie do <strong>30 dni od chwili zako\u0144czenia \u015bwiadczenia us\u0142ug<\/strong> (np. usuni\u0119cie zarejestrowanego konta u\u017cytkownika, wypisanie z listy Newsletter, itp.)<\/p>\n<p>W wyj\u0105tkowych sytuacjach, w celu zabezpieczenie prawnie uzasadnionego interesu realizowanego przez Administratora, okres ten mo\u017ce ulec wyd\u0142u\u017ceniu. W takiej sytuacji Administrator b\u0119dzie przechowywa\u0142 wskazane dane, od czasu \u017c\u0105dania ich usuni\u0119cia przez U\u017cytkownika, nie d\u0142u\u017cej ni\u017c przez okres 3 lat w przypadku naruszenia lub podejrzenia naruszenia zapis\u00f3w regulaminu serwisu przez osob\u0119, kt\u00f3rej dane dotycz\u0105.<\/p>\n<h2>Kto jest odbiorc\u0105 danych w tym danych osobowych?<\/h2>\n<p>Co do zasady jedynym odbiorc\u0105 danych jest Administrator.<\/p>\n<p>Przetwarzanie danych mo\u017ce jednak by\u0107 powierzone innym podmiotom, realizuj\u0105cym us\u0142ugi na rzecz Administratora w celu utrzymania dzia\u0142alno\u015bci Serwisu.<\/p>\n<p>Do podmiot\u00f3w takich mo\u017cna zaliczy\u0107 mi\u0119dzy innymi:<\/p>\n<ul>\n<li>Firmy hostingowe, \u015bwiadcz\u0105ce us\u0142ugi hostingu lub us\u0142ug pokrewnych dla Administratora<\/li>\n<li>Firmy, za po\u015brednictwem kt\u00f3rych \u015bwiadczona jest us\u0142uga Newslettera<\/li>\n<li>Firmy serwisowe i wsparcia IT dokonuj\u0105ce konserwacji lub odpowiedzialne za utrzymanie infrastruktury IT<\/li>\n<\/ul>\n<h2>Czy Pa\u0144stwa dane osobowe b\u0119d\u0105 przekazywane poza Uni\u0119 Europejsk\u0105?<\/h2>\n<p>Dane osobowe <strong>nie b\u0119d\u0105 przekazywane poza Uni\u0119 Europejsk\u0105<\/strong>, chyba \u017ce zosta\u0142y opublikowane na skutek indywidualnego dzia\u0142ania U\u017cytkownika (np. wprowadzenie komentarza lub wpisu), co sprawi, \u017ce dane b\u0119d\u0105 dost\u0119pne dla ka\u017cdej osoby odwiedzaj\u0105cej serwis.<\/p>\n<h2>Czy dane osobowe b\u0119d\u0105 podstaw\u0105 zautomatyzowanego podejmowania decyzji?<\/h2>\n<p>Dane osobowe <strong>nie b\u0119d\u0105 wykorzystywane<\/strong> do zautomatyzowanego podejmowania decyzji (profilowania).<\/p>\n<p>&nbsp;<\/p>\n<h2>Jakie maj\u0105 Pa\u0144stwo prawa zwi\u0105zane z przetwarzaniem danych osobowych?<\/h2>\n<ul>\n<li>\n<p><strong>Prawo dost\u0119pu do danych osobowych<\/strong><br \/>U\u017cytkownikom przys\u0142uguje prawo uzyskania dost\u0119pu do swoich danych osobowych, realizowane na \u017c\u0105danie z\u0142o\u017cone do Administratora<\/p>\n<\/li>\n<li>\n<p><strong>Prawo do sprostowania danych osobowych<\/strong><br \/>U\u017cytkownikom przys\u0142uguje prawo \u017c\u0105dania od Administratora niezw\u0142ocznego sprostowania danych osobowych, kt\u00f3re s\u0105 nieprawid\u0142owe lub \/ oraz uzupe\u0142nienia niekompletnych danych osobowych, realizowane na \u017c\u0105danie z\u0142o\u017cone do Administratora<\/p>\n<\/li>\n<li>\n<p><strong>Prawo do usuni\u0119cia danych osobowych<\/strong><br \/>U\u017cytkownikom przys\u0142uguje prawo \u017c\u0105dania od Administratora niezw\u0142ocznego usuni\u0119cia danych osobowych, realizowane na \u017c\u0105danie z\u0142o\u017cone do Administratora.<\/p>\n<p>W przypadku kont u\u017cytkownik\u00f3w, usuni\u0119cie danych polega na anonimizacji danych umo\u017cliwiaj\u0105cych identyfikacj\u0119 U\u017cytkownika.<\/p>\n<p>W przypadku us\u0142ugi Newsletter, U\u017cytkownik ma mo\u017cliwo\u015b\u0107 samodzielnego usuni\u0119cia swoich danych osobowych korzystaj\u0105c z odno\u015bnika umieszczonego w ka\u017cdej przesy\u0142anej wiadomo\u015bci e-mail.<\/p>\n<\/li>\n<li>\n<p><strong>Prawo do ograniczenia przetwarzania danych osobowych<\/strong><br \/>U\u017cytkownikom przys\u0142uguje prawo ograniczenia przetwarzania danych osobowych w przypadkach wskazanych w art. 18 RODO, m.in. kwestionowania prawid\u0142owo\u015b\u0107 danych osobowych, realizowane na \u017c\u0105danie z\u0142o\u017cone do Administratora<\/p>\n<\/li>\n<li>\n<p><strong>Prawo do przenoszenia danych osobowych<\/strong><br \/>U\u017cytkownikom przys\u0142uguje prawo uzyskania od Administratora, danych osobowych dotycz\u0105cych U\u017cytkownika w ustrukturyzowanym, powszechnie u\u017cywanym formacie nadaj\u0105cym si\u0119 do odczytu maszynowego, realizowane na \u017c\u0105danie z\u0142o\u017cone do Administratora<\/p>\n<\/li>\n<li>\n<p><strong>Prawo wniesienia sprzeciwu wobec przetwarzania danych osobowych<\/strong><br \/>U\u017cytkownikom przys\u0142uguje prawo wniesienia sprzeciwu wobec przetwarzania jego danych osobowych w przypadkach okre\u015blonych w art. 21 RODO, realizowane na \u017c\u0105danie z\u0142o\u017cone do Administratora<\/p>\n<\/li>\n<li>\n<p><strong>Prawo wniesienia skargi<\/strong><br \/>U\u017cytkownikom przys\u0142uguje prawo wniesienia skargi do organu nadzorczego zajmuj\u0105cego si\u0119 ochron\u0105 danych osobowych.<\/p>\n<\/li>\n<\/ul>\n<\/article>\n<p>[\/et_pb_text][\/et_pb_column][\/et_pb_row][\/et_pb_section]<\/p>\n","protected":false},"excerpt":{"rendered":"<p>Mazury ZachodnieRODO. Obowi\u0105zek informacyjny RODO Poni\u017csza informacja stanowi zwi\u0119z\u0142y, zrozumia\u0142y i przejrzysty skr\u00f3t informacji zamieszczonych w Polityce Prywatno\u015bci odno\u015bnie Administratora danych, celu i sposobu przetwarzania danych osobowych oraz Twoich praw [&hellip;]<\/p>\n","protected":false},"author":5,"featured_media":0,"parent":0,"menu_order":0,"comment_status":"closed","ping_status":"closed","template":"","meta":{"_acf_changed":false,"_et_pb_use_builder":"on","_et_pb_old_content":"","_et_gb_content_width":"","iawp_total_views":19,"footnotes":""},"class_list":["post-1088509","page","type-page","status-publish","hentry"],"acf":[],"_links":{"self":[{"href":"https:\/\/mazury-zachodnie.pl\/ger\/wp-json\/wp\/v2\/pages\/1088509","targetHints":{"allow":["GET"]}}],"collection":[{"href":"https:\/\/mazury-zachodnie.pl\/ger\/wp-json\/wp\/v2\/pages"}],"about":[{"href":"https:\/\/mazury-zachodnie.pl\/ger\/wp-json\/wp\/v2\/types\/page"}],"author":[{"embeddable":true,"href":"https:\/\/mazury-zachodnie.pl\/ger\/wp-json\/wp\/v2\/users\/5"}],"replies":[{"embeddable":true,"href":"https:\/\/mazury-zachodnie.pl\/ger\/wp-json\/wp\/v2\/comments?post=1088509"}],"version-history":[{"count":6,"href":"https:\/\/mazury-zachodnie.pl\/ger\/wp-json\/wp\/v2\/pages\/1088509\/revisions"}],"predecessor-version":[{"id":1091053,"href":"https:\/\/mazury-zachodnie.pl\/ger\/wp-json\/wp\/v2\/pages\/1088509\/revisions\/1091053"}],"wp:attachment":[{"href":"https:\/\/mazury-zachodnie.pl\/ger\/wp-json\/wp\/v2\/media?parent=1088509"}],"curies":[{"name":"wp","href":"https:\/\/api.w.org\/{rel}","templated":true}]}}