{"id":1089672,"date":"2023-04-24T09:47:14","date_gmt":"2023-04-24T07:47:14","guid":{"rendered":"https:\/\/mazury2023.mazury-zachodnie.pl\/?page_id=1089672"},"modified":"2026-02-05T10:01:16","modified_gmt":"2026-02-05T09:01:16","slug":"agroturystyki","status":"publish","type":"page","link":"https:\/\/mazury-zachodnie.pl\/ger\/agroturystyki\/","title":{"rendered":"Agrotourismus"},"content":{"rendered":"<p>[et_pb_section fb_built=&#8221;1&#8243; _builder_version=&#8221;4.20.2&#8243; _module_preset=&#8221;default&#8221; background_color=&#8221;#FFFFFF&#8221; background_color_gradient_direction=&#8221;90deg&#8221; background_enable_image=&#8221;off&#8221; background_blend=&#8221;multiply&#8221; custom_margin=&#8221;50px||||false|false&#8221; custom_padding=&#8221;||10px||false|false&#8221; bottom_divider_color=&#8221;#71BF44&#8243; bottom_divider_height=&#8221;72px&#8221; global_colors_info=&#8221;{}&#8221;][et_pb_row admin_label=&#8221;Blurb &#8211; Row&#8221; _builder_version=&#8221;4.20.2&#8243; width=&#8221;90%&#8221; max_width=&#8221;480px&#8221; custom_padding=&#8221;||3px||false|false&#8221; locked=&#8221;off&#8221; global_colors_info=&#8221;{}&#8221;][et_pb_column type=&#8221;4_4&#8243; _builder_version=&#8221;4.16&#8243; global_colors_info=&#8221;{}&#8221;][et_pb_text _builder_version=&#8221;4.20.2&#8243; _module_preset=&#8221;default&#8221; text_font=&#8221;Poppins|600|||||||&#8221; text_text_color=&#8221;#333333&#8243; text_font_size=&#8221;32px&#8221; text_line_height=&#8221;1.5em&#8221; header_font=&#8221;Roboto|700|||||||&#8221; header_text_color=&#8221;#FFFFFF&#8221; header_font_size=&#8221;55px&#8221; custom_margin=&#8221;21px||21px||false|false&#8221; custom_margin_tablet=&#8221;21px||21px||false|false&#8221; custom_margin_phone=&#8221;8vh||||false|false&#8221; custom_margin_last_edited=&#8221;on|phone&#8221; custom_padding=&#8221;|||80px|false|false&#8221; text_font_size_tablet=&#8221;28px&#8221; text_font_size_phone=&#8221;21px&#8221; text_font_size_last_edited=&#8221;on|phone&#8221; custom_css_before=&#8221;content: %22%22;||position: absolute;||top: 50%;||right: 0;||left: 0;||width: 60px;||height: 2px;||background-color: #71BF44;||-webkit-transform: translateY(-50%);||        -ms-transform: translateY(-50%);||            transform: translateY(-50%);&#8221; custom_css_main_element=&#8221;position: relative;&#8221; global_colors_info=&#8221;{}&#8221;]<\/p>\n<p>Mazury Zachodnie<\/p>\n<p>[\/et_pb_text][et_pb_code _builder_version=&#8221;4.27.5&#8243; _module_preset=&#8221;default&#8221; hover_enabled=&#8221;0&#8243; locked=&#8221;off&#8221; global_colors_info=&#8221;{}&#8221; sticky_enabled=&#8221;0&#8243;][\/et_pb_code][\/et_pb_column][\/et_pb_row][et_pb_row admin_label=&#8221;Blurb &#8211; Row&#8221; _builder_version=&#8221;4.20.2&#8243; width=&#8221;90%&#8221; max_width=&#8221;920px&#8221; custom_margin=&#8221;0px||||false|false&#8221; custom_padding=&#8221;0px||3px||false|false&#8221; locked=&#8221;off&#8221; global_colors_info=&#8221;{}&#8221;][et_pb_column type=&#8221;4_4&#8243; _builder_version=&#8221;4.16&#8243; global_colors_info=&#8221;{}&#8221;][et_pb_text _builder_version=&#8221;4.20.2&#8243; _module_preset=&#8221;default&#8221; text_font=&#8221;Poppins|700|||||||&#8221; text_text_color=&#8221;#FFFFFF&#8221; text_font_size=&#8221;4vw&#8221; text_line_height=&#8221;1.5em&#8221; header_font=&#8221;Roboto|700|||||||&#8221; header_text_color=&#8221;#FFFFFF&#8221; header_font_size=&#8221;55px&#8221; text_orientation=&#8221;center&#8221; custom_margin=&#8221;0px||21px||false|false&#8221; custom_padding=&#8221;|||0px|false|false&#8221; text_font_size_tablet=&#8221;8vw&#8221; text_font_size_phone=&#8221;10vw&#8221; text_font_size_last_edited=&#8221;on|phone&#8221; global_colors_info=&#8221;{}&#8221;]<\/p>\n<p><span style=\"color: #333;\">AGROTURYSTYKI<\/span><span style=\"color: #71bf44;\">.<\/span><\/p>\n<p>[\/et_pb_text][\/et_pb_column][\/et_pb_row][\/et_pb_section][et_pb_section fb_built=&#8221;1&#8243; _builder_version=&#8221;4.20.2&#8243; _module_preset=&#8221;default&#8221; background_color=&#8221;#FFFFFF&#8221; top_divider_color=&#8221;#71BF44&#8243; top_divider_height=&#8221;72px&#8221; global_colors_info=&#8221;{}&#8221;][et_pb_row _builder_version=&#8221;4.16&#8243; _module_preset=&#8221;default&#8221; global_colors_info=&#8221;{}&#8221;][et_pb_column type=&#8221;4_4&#8243; _builder_version=&#8221;4.16&#8243; _module_preset=&#8221;default&#8221; global_colors_info=&#8221;{}&#8221;][et_pb_blog posts_number=&#8221;9&#8243; include_categories=&#8221;69&#8243; show_content=&#8221;on&#8221; show_author=&#8221;off&#8221; show_date=&#8221;off&#8221; show_categories=&#8221;off&#8221; module_id=&#8221;random-posts&#8221; module_class=&#8221;dd-blog-15&#8243; _builder_version=&#8221;4.20.2&#8243; _module_preset=&#8221;default&#8221; header_font=&#8221;Poppins|700|||||||&#8221; header_text_color=&#8221;#333333&#8243; header_font_size=&#8221;44px&#8221; header_letter_spacing=&#8221;1px&#8221; header_line_height=&#8221;1.4em&#8221; body_font=&#8221;Lato||||||||&#8221; body_font_size=&#8221;16px&#8221; body_line_height=&#8221;1.4em&#8221; meta_font=&#8221;Lato||||||||&#8221; meta_font_size=&#8221;20px&#8221; read_more_font=&#8221;Poppins|600|||||||&#8221; read_more_text_color=&#8221;#FFFFFF&#8221; pagination_font=&#8221;Lato||||||||&#8221; pagination_text_color=&#8221;#71BF44&#8243; custom_padding=&#8221;16px||||false|false&#8221; header_font_size_tablet=&#8221;36px&#8221; header_font_size_phone=&#8221;24px&#8221; header_font_size_last_edited=&#8221;on|phone&#8221; body_font_size_tablet=&#8221;16px&#8221; body_font_size_phone=&#8221;14px&#8221; body_font_size_last_edited=&#8221;on|tablet&#8221; meta_font_size_tablet=&#8221;&#8221; meta_font_size_phone=&#8221;16px&#8221; meta_font_size_last_edited=&#8221;on|phone&#8221; read_more_font_size_tablet=&#8221;&#8221; read_more_font_size_phone=&#8221;12px&#8221; read_more_font_size_last_edited=&#8221;on|phone&#8221; border_width_all=&#8221;0px&#8221; border_color_top_fullwidth=&#8221;#71BF44&#8243; border_width_bottom_fullwidth=&#8221;2px&#8221; border_color_bottom_fullwidth=&#8221;#dddddd&#8221; global_colors_info=&#8221;{}&#8221; header_text_color__hover_enabled=&#8221;off|desktop&#8221; header_text_color__hover=&#8221;#71BF44&#8243; transform_styles__hover_enabled=&#8221;off|hover&#8221; transform_scale__hover_enabled=&#8221;off|hover&#8221; transform_translate__hover_enabled=&#8221;off|hover&#8221; transform_rotate__hover_enabled=&#8221;off|hover&#8221; transform_skew__hover_enabled=&#8221;off|hover&#8221; transform_origin__hover_enabled=&#8221;off|hover&#8221; transform_scale__hover=&#8221;101%|101%&#8221;][\/et_pb_blog][et_pb_code _builder_version=&#8221;4.20.2&#8243; _module_preset=&#8221;default&#8221; global_colors_info=&#8221;{}&#8221;]<\/p>\n<style><!-- [et_pb_line_break_holder] -->h4.et_pb_module_header {<!-- [et_pb_line_break_holder] -->    font-family: 'Poppins',Helvetica,Arial,Lucida,sans-serif;<!-- [et_pb_line_break_holder] -->  font-weight: 600;<!-- [et_pb_line_break_holder] -->  font-size: 24px;<!-- [et_pb_line_break_holder] -->  line-height: 1.4em;<!-- [et_pb_line_break_holder] -->}<!-- [et_pb_line_break_holder] -->  <!-- [et_pb_line_break_holder] -->  .dd-blog-15 article.et_pb_post {<!-- [et_pb_line_break_holder] -->    display: flex;<!-- [et_pb_line_break_holder] -->    flex-wrap: wrap;<!-- [et_pb_line_break_holder] -->    padding-bottom: 24px !important<!-- [et_pb_line_break_holder] -->  }<!-- [et_pb_line_break_holder] -->  <!-- [et_pb_line_break_holder] -->  .dd-blog-15 .et_pb_post .entry-featured-image-url {<!-- [et_pb_line_break_holder] -->    order: 2;<!-- [et_pb_line_break_holder] -->    width: 32%;<!-- [et_pb_line_break_holder] -->    padding-right: 24px;<!-- [et_pb_line_break_holder] -->  }<!-- [et_pb_line_break_holder] -->  <!-- [et_pb_line_break_holder] -->  .dd-blog-15 .et_pb_post a.more-link {<!-- [et_pb_line_break_holder] -->    background: #71bf44; \/* Background-color of Read More Text *\/<!-- [et_pb_line_break_holder] -->    padding: 8px 12px;<!-- [et_pb_line_break_holder] -->    text-transform: capitalize;<!-- [et_pb_line_break_holder] -->    display: inline-block !important;<!-- [et_pb_line_break_holder] -->  }<!-- [et_pb_line_break_holder] -->  <!-- [et_pb_line_break_holder] -->  .dd-blog-15 .et_pb_post .post-content-inner p {<!-- [et_pb_line_break_holder] -->    margin-bottom: 28px !important;<!-- [et_pb_line_break_holder] -->  }<!-- [et_pb_line_break_holder] --><!-- [et_pb_line_break_holder] -->  .dd-blog-15 .et_pb_post .entry-title {<!-- [et_pb_line_break_holder] -->    order: 1;<!-- [et_pb_line_break_holder] -->    width: 100%;<!-- [et_pb_line_break_holder] -->    padding-bottom: 12px !important;<!-- [et_pb_line_break_holder] -->  }<!-- [et_pb_line_break_holder] -->  <!-- [et_pb_line_break_holder] -->  .dd-blog-15 .entry-title a {<!-- [et_pb_line_break_holder] -->    display: block;<!-- [et_pb_line_break_holder] -->    width: 68%;<!-- [et_pb_line_break_holder] -->  }<!-- [et_pb_line_break_holder] -->  <!-- [et_pb_line_break_holder] -->  .dd-blog-15 .et_pb_post .post-content {<!-- [et_pb_line_break_holder] -->    order: 3;<!-- [et_pb_line_break_holder] -->    width: 68%;<!-- [et_pb_line_break_holder] -->  }<!-- [et_pb_line_break_holder] -->  <!-- [et_pb_line_break_holder] -->  .dd-blog-15 .et_pb_post .post-meta {<!-- [et_pb_line_break_holder] -->    order: 0;<!-- [et_pb_line_break_holder] -->    margin-bottom: 0 !important;<!-- [et_pb_line_break_holder] -->  }<!-- [et_pb_line_break_holder] --><!-- [et_pb_line_break_holder] -->  @media (max-width: 767px) {<!-- [et_pb_line_break_holder] -->    .dd-blog-15 .entry-featured-image-url,<!-- [et_pb_line_break_holder] -->    .dd-blog-15 .entry-title a,<!-- [et_pb_line_break_holder] -->    .dd-blog-15 .post-content {<!-- [et_pb_line_break_holder] -->      width: 100% !important;<!-- [et_pb_line_break_holder] -->    }<!-- [et_pb_line_break_holder] -->    <!-- [et_pb_line_break_holder] -->    .dd-blog-15 .et_pb_post .entry-featured-image-url {<!-- [et_pb_line_break_holder] -->      padding-right: 0 !important;<!-- [et_pb_line_break_holder] -->    }<!-- [et_pb_line_break_holder] -->  }<!-- [et_pb_line_break_holder] -->  <!-- [et_pb_line_break_holder] --><\/style>\n<p><!-- [et_pb_line_break_holder] -->[\/et_pb_code][et_pb_code admin_label=&#8221;remove empty p\u00a0tags&#8221; _builder_version=&#8221;4.20.2&#8243; _module_preset=&#8221;default&#8221; global_colors_info=&#8221;{}&#8221;]<script><!-- [et_pb_line_break_holder] -->$('p:empty').remove();<!-- [et_pb_line_break_holder] --><\/script>[\/et_pb_code][et_pb_icon disabled_on=&#8221;off|off|off&#8221; admin_label=&#8221;Icon&#8221; _builder_version=&#8221;4.21.0&#8243; _module_preset=&#8221;default&#8221; filter_opacity=&#8221;0%&#8221; locked=&#8221;off&#8221; global_colors_info=&#8221;{}&#8221;][\/et_pb_icon][\/et_pb_column][\/et_pb_row][et_pb_row column_structure=&#8221;1_3,1_3,1_3&#8243; _builder_version=&#8221;4.20.2&#8243; _module_preset=&#8221;default&#8221; custom_margin=&#8221;||||false|false&#8221; global_colors_info=&#8221;{}&#8221;][et_pb_column type=&#8221;1_3&#8243; _builder_version=&#8221;4.16&#8243; _module_preset=&#8221;default&#8221; global_colors_info=&#8221;{}&#8221;][et_pb_text _builder_version=&#8221;4.20.2&#8243; _module_preset=&#8221;default&#8221; text_font=&#8221;Lato||||||||&#8221; link_font=&#8221;Lato||||||||&#8221; link_text_color=&#8221;#71BF44&#8243; text_orientation=&#8221;center&#8221; custom_margin=&#8221;||||false|false&#8221; global_colors_info=&#8221;{}&#8221;]<\/p>\n<h4><a href=\"https:\/\/www.lesnejezioro.pl\/\">Le\u015bne Jezioro<\/a><\/h4>\n<p>[\/et_pb_text][et_pb_text _builder_version=&#8221;4.20.2&#8243; _module_preset=&#8221;default&#8221; text_font=&#8221;Lato||||||||&#8221; link_font=&#8221;Lato||||||||&#8221; link_text_color=&#8221;#71BF44&#8243; text_orientation=&#8221;center&#8221; custom_margin=&#8221;||||false|false&#8221; global_colors_info=&#8221;{}&#8221;]<\/p>\n<h4><a href=\"http:\/\/www.dylewianka.pl\/\">Dylewianka<\/a><\/h4>\n<p>[\/et_pb_text][et_pb_text _builder_version=&#8221;4.20.2&#8243; _module_preset=&#8221;default&#8221; text_font=&#8221;Lato||||||||&#8221; link_font=&#8221;Lato||||||||&#8221; link_text_color=&#8221;#71BF44&#8243; text_orientation=&#8221;center&#8221; custom_margin=&#8221;||||false|false&#8221; global_colors_info=&#8221;{}&#8221;]<\/p>\n<h4><a href=\"http:\/\/www.nadstawem.pl\/\">Nad&nbsp;Stawem<\/a><\/h4>\n<p>[\/et_pb_text][et_pb_text _builder_version=&#8221;4.20.2&#8243; _module_preset=&#8221;default&#8221; text_font=&#8221;Lato||||||||&#8221; link_font=&#8221;Lato||||||||&#8221; link_text_color=&#8221;#71BF44&#8243; text_orientation=&#8221;center&#8221; custom_margin=&#8221;||||false|false&#8221; global_colors_info=&#8221;{}&#8221;]<\/p>\n<h4><a href=\"https:\/\/www.ranczowindyki.com.pl\/\">Windyki<\/a><\/h4>\n<p>[\/et_pb_text][et_pb_text _builder_version=&#8221;4.20.2&#8243; _module_preset=&#8221;default&#8221; text_font=&#8221;Lato||||||||&#8221; link_font=&#8221;Lato||||||||&#8221; link_text_color=&#8221;#71BF44&#8243; text_orientation=&#8221;center&#8221; custom_margin=&#8221;||||false|false&#8221; global_colors_info=&#8221;{}&#8221;]<\/p>\n<h4><a href=\"https:\/\/www.booking.com\/Share-YXhsFqR\">Le\u015bne Zacisze<\/a><\/h4>\n<p>[\/et_pb_text][et_pb_text _builder_version=&#8221;4.20.2&#8243; _module_preset=&#8221;default&#8221; text_font=&#8221;Lato||||||||&#8221; link_font=&#8221;Lato||||||||&#8221; link_text_color=&#8221;#71BF44&#8243; text_orientation=&#8221;center&#8221; custom_margin=&#8221;||||false|false&#8221; global_colors_info=&#8221;{}&#8221;]<\/p>\n<h4><a href=\"https:\/\/www.provincja.com.pl\/\">Provincja<\/a><\/h4>\n<p>[\/et_pb_text][et_pb_text _builder_version=&#8221;4.20.2&#8243; _module_preset=&#8221;default&#8221; text_font=&#8221;Lato||||||||&#8221; link_font=&#8221;Lato||||||||&#8221; link_text_color=&#8221;#71BF44&#8243; text_orientation=&#8221;center&#8221; custom_margin=&#8221;||||false|false&#8221; global_colors_info=&#8221;{}&#8221;]<\/p>\n<h4><a href=\"https:\/\/matyty.pl\/pl\/start\/\">Matyty<\/a><\/h4>\n<p>[\/et_pb_text][et_pb_text _builder_version=&#8221;4.20.2&#8243; _module_preset=&#8221;default&#8221; text_font=&#8221;Lato||||||||&#8221; link_font=&#8221;Lato||||||||&#8221; link_text_color=&#8221;#71BF44&#8243; text_orientation=&#8221;center&#8221; custom_margin=&#8221;||||false|false&#8221; global_colors_info=&#8221;{}&#8221;]<\/p>\n<h4><a href=\"http:\/\/www.rudzienice.turystyka.pl\/\">Rudzienice<\/a><\/h4>\n<p>[\/et_pb_text][et_pb_text _builder_version=&#8221;4.20.2&#8243; _module_preset=&#8221;default&#8221; text_font=&#8221;Lato||||||||&#8221; link_font=&#8221;Lato||||||||&#8221; link_text_color=&#8221;#71BF44&#8243; text_orientation=&#8221;center&#8221; custom_margin=&#8221;||||false|false&#8221; global_colors_info=&#8221;{}&#8221;]<\/p>\n<h4><a href=\"https:\/\/www.osadaulnowo.pl\/\">Osada Ulnowo<\/a><\/h4>\n<p>[\/et_pb_text][et_pb_text _builder_version=&#8221;4.20.2&#8243; _module_preset=&#8221;default&#8221; text_font=&#8221;Lato||||||||&#8221; link_font=&#8221;Lato||||||||&#8221; link_text_color=&#8221;#71BF44&#8243; text_orientation=&#8221;center&#8221; custom_margin=&#8221;||||false|false&#8221; global_colors_info=&#8221;{}&#8221;]<\/p>\n<h4><a href=\"https:\/\/www.podtaborskimisosnami.pl\/\">Pod&nbsp;Taborskimi Sosnami<\/a><\/h4>\n<p>[\/et_pb_text][et_pb_text _builder_version=&#8221;4.20.2&#8243; _module_preset=&#8221;default&#8221; text_font=&#8221;Lato||||||||&#8221; link_font=&#8221;Lato||||||||&#8221; link_text_color=&#8221;#71BF44&#8243; text_orientation=&#8221;center&#8221; custom_margin=&#8221;||||false|false&#8221; global_colors_info=&#8221;{}&#8221;]<\/p>\n<h4><a href=\"http:\/\/natura-group.com.pl\/\">Natura Apartamenty<\/a><\/h4>\n<p>[\/et_pb_text][et_pb_text _builder_version=&#8221;4.24.3&#8243; _module_preset=&#8221;default&#8221; text_font=&#8221;Lato||||||||&#8221; link_font=&#8221;Lato||||||||&#8221; link_text_color=&#8221;#71BF44&#8243; text_orientation=&#8221;center&#8221; custom_margin=&#8221;||||false|false&#8221; global_colors_info=&#8221;{}&#8221;]<\/p>\n<h4><a href=\"https:\/\/hotelikrapaty.pl\/\" target=\"_blank\" rel=\"noopener\">Agro-hotelik u&nbsp;Antka<\/a><\/h4>\n<p>[\/et_pb_text][\/et_pb_column][et_pb_column type=&#8221;1_3&#8243; _builder_version=&#8221;4.16&#8243; _module_preset=&#8221;default&#8221; global_colors_info=&#8221;{}&#8221;][et_pb_text _builder_version=&#8221;4.20.2&#8243; _module_preset=&#8221;default&#8221; text_font=&#8221;Lato||||||||&#8221; link_font=&#8221;Lato||||||||&#8221; link_text_color=&#8221;#71BF44&#8243; text_orientation=&#8221;center&#8221; custom_margin=&#8221;||||false|false&#8221; global_colors_info=&#8221;{}&#8221;]<\/p>\n<h4><a href=\"https:\/\/e-turysta.pl\/nad-szelagiem-ostroda-132199.html\">Nad&nbsp;Szel\u0105giem<\/a><\/h4>\n<p>[\/et_pb_text][et_pb_text _builder_version=&#8221;4.20.2&#8243; _module_preset=&#8221;default&#8221; text_font=&#8221;Lato||||||||&#8221; link_font=&#8221;Lato||||||||&#8221; link_text_color=&#8221;#71BF44&#8243; text_orientation=&#8221;center&#8221; custom_margin=&#8221;||||false|false&#8221; global_colors_info=&#8221;{}&#8221;]<\/p>\n<h4><a href=\"http:\/\/www.swierkowazagroda.com.pl\/\">\u015awierkowa Zagroda<\/a><\/h4>\n<p>[\/et_pb_text][et_pb_text _builder_version=&#8221;4.20.2&#8243; _module_preset=&#8221;default&#8221; text_font=&#8221;Lato||||||||&#8221; link_font=&#8221;Lato||||||||&#8221; link_text_color=&#8221;#71BF44&#8243; text_orientation=&#8221;center&#8221; custom_margin=&#8221;||||false|false&#8221; global_colors_info=&#8221;{}&#8221;]<\/p>\n<h4><a href=\"http:\/\/azylszalkowo.eu\/\">Azyl<\/a><\/h4>\n<p>[\/et_pb_text][et_pb_text _builder_version=&#8221;4.20.2&#8243; _module_preset=&#8221;default&#8221; text_font=&#8221;Lato||||||||&#8221; link_font=&#8221;Lato||||||||&#8221; link_text_color=&#8221;#71BF44&#8243; text_orientation=&#8221;center&#8221; custom_margin=&#8221;||||false|false&#8221; global_colors_info=&#8221;{}&#8221;]<\/p>\n<h4><a href=\"https:\/\/meteor-turystyka.pl\/zieloneranczo,szalkowo.html\">Zielone Ranczo<\/a><\/h4>\n<p>[\/et_pb_text][et_pb_text _builder_version=&#8221;4.20.2&#8243; _module_preset=&#8221;default&#8221; text_font=&#8221;Lato||||||||&#8221; link_font=&#8221;Lato||||||||&#8221; link_text_color=&#8221;#71BF44&#8243; text_orientation=&#8221;center&#8221; custom_margin=&#8221;||||false|false&#8221; global_colors_info=&#8221;{}&#8221;]<\/p>\n<h4><a href=\"https:\/\/www.booking.com\/hotel\/pl\/wisniowy-sad-ilawa2.pl.html\">Wi\u015bniowy Sad<\/a><\/h4>\n<p>[\/et_pb_text][et_pb_text _builder_version=&#8221;4.20.2&#8243; _module_preset=&#8221;default&#8221; text_font=&#8221;Lato||||||||&#8221; link_font=&#8221;Lato||||||||&#8221; link_text_color=&#8221;#71BF44&#8243; text_orientation=&#8221;center&#8221; custom_margin=&#8221;||||false|false&#8221; global_colors_info=&#8221;{}&#8221;]<\/p>\n<h4><a href=\"https:\/\/samsara.mazury.pl\/\">Samsara<\/a><\/h4>\n<p>[\/et_pb_text][et_pb_text _builder_version=&#8221;4.20.2&#8243; _module_preset=&#8221;default&#8221; text_font=&#8221;Lato||||||||&#8221; link_font=&#8221;Lato||||||||&#8221; link_text_color=&#8221;#71BF44&#8243; text_orientation=&#8221;center&#8221; custom_margin=&#8221;||||false|false&#8221; global_colors_info=&#8221;{}&#8221;]<\/p>\n<h4><a href=\"http:\/\/www.bogdanka.net.pl\/\">Bogdanka<\/a><\/h4>\n<p>[\/et_pb_text][et_pb_text _builder_version=&#8221;4.20.2&#8243; _module_preset=&#8221;default&#8221; text_font=&#8221;Lato||||||||&#8221; link_font=&#8221;Lato||||||||&#8221; link_text_color=&#8221;#71BF44&#8243; text_orientation=&#8221;center&#8221; custom_margin=&#8221;||||false|false&#8221; global_colors_info=&#8221;{}&#8221;]<\/p>\n<h4><a href=\"https:\/\/www.czapliskosiedlisko.pl\/\">Czaplisko Siedlisko<\/a><\/h4>\n<p>[\/et_pb_text][et_pb_text _builder_version=&#8221;4.20.2&#8243; _module_preset=&#8221;default&#8221; text_font=&#8221;Lato||||||||&#8221; link_font=&#8221;Lato||||||||&#8221; link_text_color=&#8221;#71BF44&#8243; text_orientation=&#8221;center&#8221; custom_margin=&#8221;||||false|false&#8221; global_colors_info=&#8221;{}&#8221;]<\/p>\n<h4><a href=\"https:\/\/meteor-turystyka.pl\/lakehouse-kalbornia,kalbornia.html\">Kalbornia LakeHouse<\/a><\/h4>\n<p>[\/et_pb_text][et_pb_text _builder_version=&#8221;4.20.2&#8243; _module_preset=&#8221;default&#8221; text_font=&#8221;Lato||||||||&#8221; link_font=&#8221;Lato||||||||&#8221; link_text_color=&#8221;#71BF44&#8243; text_orientation=&#8221;center&#8221; custom_margin=&#8221;||||false|false&#8221; global_colors_info=&#8221;{}&#8221;]<\/p>\n<h4><a href=\"https:\/\/agroturystykapodmagnolia.business.site\/\">Pod&nbsp;Magnoli\u0105<\/a><\/h4>\n<p>[\/et_pb_text][et_pb_text _builder_version=&#8221;4.20.2&#8243; _module_preset=&#8221;default&#8221; text_font=&#8221;Lato||||||||&#8221; link_font=&#8221;Lato||||||||&#8221; link_text_color=&#8221;#71BF44&#8243; text_orientation=&#8221;center&#8221; custom_margin=&#8221;||||false|false&#8221; global_colors_info=&#8221;{}&#8221;]<\/p>\n<h4><a href=\"https:\/\/modryganek.blog\/\">Modry Ganek<\/a><\/h4>\n<p>[\/et_pb_text][\/et_pb_column][et_pb_column type=&#8221;1_3&#8243; _builder_version=&#8221;4.16&#8243; _module_preset=&#8221;default&#8221; global_colors_info=&#8221;{}&#8221;][et_pb_text _builder_version=&#8221;4.20.2&#8243; _module_preset=&#8221;default&#8221; text_font=&#8221;Lato||||||||&#8221; link_font=&#8221;Lato||||||||&#8221; link_text_color=&#8221;#71BF44&#8243; text_orientation=&#8221;center&#8221; global_colors_info=&#8221;{}&#8221;]<\/p>\n<h4><a href=\"https:\/\/e-turysta.pl\/dwor-kraplewo-ostroda-109185.html\">Dw\u00f3r Kraplewo<\/a><\/h4>\n<p>[\/et_pb_text][et_pb_text _builder_version=&#8221;4.20.2&#8243; _module_preset=&#8221;default&#8221; text_font=&#8221;Lato||||||||&#8221; link_font=&#8221;Lato||||||||&#8221; link_text_color=&#8221;#71BF44&#8243; text_orientation=&#8221;center&#8221; global_colors_info=&#8221;{}&#8221;]<\/p>\n<h4><a href=\"https:\/\/meteor-turystyka.pl\/bogdana-katno,katno.html\">Rancho Bogdana<\/a><\/h4>\n<p>[\/et_pb_text][et_pb_text _builder_version=&#8221;4.20.2&#8243; _module_preset=&#8221;default&#8221; text_font=&#8221;Lato||||||||&#8221; link_font=&#8221;Lato||||||||&#8221; link_text_color=&#8221;#71BF44&#8243; text_orientation=&#8221;center&#8221; global_colors_info=&#8221;{}&#8221;]<\/p>\n<h4><a href=\"http:\/\/bobrowa.com.pl\/\">Bobrowa Chata<\/a><\/h4>\n<p>[\/et_pb_text][et_pb_text _builder_version=&#8221;4.20.2&#8243; _module_preset=&#8221;default&#8221; text_font=&#8221;Lato||||||||&#8221; link_font=&#8221;Lato||||||||&#8221; link_text_color=&#8221;#71BF44&#8243; text_orientation=&#8221;center&#8221; global_colors_info=&#8221;{}&#8221;]<\/p>\n<h4><a href=\"https:\/\/agroturystyka-samiswoi.pl\/\">Sami Swoi<\/a><\/h4>\n<p>[\/et_pb_text][et_pb_text _builder_version=&#8221;4.20.2&#8243; _module_preset=&#8221;default&#8221; text_font=&#8221;Lato||||||||&#8221; link_font=&#8221;Lato||||||||&#8221; link_text_color=&#8221;#71BF44&#8243; text_orientation=&#8221;center&#8221; global_colors_info=&#8221;{}&#8221;]<\/p>\n<h4><a href=\"http:\/\/www.agro-raj.pl\/\">Agro Raj<\/a><\/h4>\n<p>[\/et_pb_text][et_pb_text _builder_version=&#8221;4.20.2&#8243; _module_preset=&#8221;default&#8221; text_font=&#8221;Lato||||||||&#8221; link_font=&#8221;Lato||||||||&#8221; link_text_color=&#8221;#71BF44&#8243; text_orientation=&#8221;center&#8221; global_colors_info=&#8221;{}&#8221;]<\/p>\n<h4><a href=\"http:\/\/www.glendoria.pl\/\">Glendoria<\/a><\/h4>\n<p>[\/et_pb_text][et_pb_text _builder_version=&#8221;4.20.2&#8243; _module_preset=&#8221;default&#8221; text_font=&#8221;Lato||||||||&#8221; link_font=&#8221;Lato||||||||&#8221; link_text_color=&#8221;#71BF44&#8243; text_orientation=&#8221;center&#8221; global_colors_info=&#8221;{}&#8221;]<\/p>\n<h4><a href=\"https:\/\/pomezania.com\/\">Pomezania<\/a><\/h4>\n<p>[\/et_pb_text][et_pb_text _builder_version=&#8221;4.20.2&#8243; _module_preset=&#8221;default&#8221; text_font=&#8221;Lato||||||||&#8221; link_font=&#8221;Lato||||||||&#8221; link_text_color=&#8221;#71BF44&#8243; text_orientation=&#8221;center&#8221; global_colors_info=&#8221;{}&#8221;]<\/p>\n<h4><a href=\"https:\/\/prywatnawies.pl\/\">Prywatna Wie\u015b<\/a><\/h4>\n<p>[\/et_pb_text][et_pb_text _builder_version=&#8221;4.20.2&#8243; _module_preset=&#8221;default&#8221; text_font=&#8221;Lato||||||||&#8221; link_font=&#8221;Lato||||||||&#8221; link_text_color=&#8221;#71BF44&#8243; text_orientation=&#8221;center&#8221; global_colors_info=&#8221;{}&#8221;]<\/p>\n<h4><a href=\"http:\/\/www.willadabrowa.pl\/\">Willa D\u0105browa<\/a><\/h4>\n<p>[\/et_pb_text][et_pb_text _builder_version=&#8221;4.20.2&#8243; _module_preset=&#8221;default&#8221; text_font=&#8221;Lato||||||||&#8221; link_font=&#8221;Lato||||||||&#8221; link_text_color=&#8221;#71BF44&#8243; text_orientation=&#8221;center&#8221; global_colors_info=&#8221;{}&#8221;]<\/p>\n<h4><a href=\"http:\/\/www.lesniczowka.mazury.pl\/\">Le\u015bnicz\u00f3wka Jednoro\u017cec<\/a><\/h4>\n<p>[\/et_pb_text][et_pb_text _builder_version=&#8221;4.20.2&#8243; _module_preset=&#8221;default&#8221; text_font=&#8221;Lato||||||||&#8221; link_font=&#8221;Lato||||||||&#8221; link_text_color=&#8221;#71BF44&#8243; text_orientation=&#8221;center&#8221; global_colors_info=&#8221;{}&#8221;]<\/p>\n<h4><a href=\"https:\/\/zpastwiskanatalerz.pl\/\">Z&nbsp;pastwiska na&nbsp;talerz<\/a><\/h4>\n<p>[\/et_pb_text][\/et_pb_column][\/et_pb_row][\/et_pb_section]<\/p>\n","protected":false},"excerpt":{"rendered":"<p>Mazury ZachodnieAGROTURYSTYKI.Le\u015bne JezioroDylewiankaNad&nbsp;StawemWindykiLe\u015bne ZaciszeProvincjaMatytyRudzieniceOsada UlnowoPod&nbsp;Taborskimi SosnamiNatura ApartamentyAgro-hotelik u&nbsp;AntkaNad&nbsp;Szel\u0105giem\u015awierkowa ZagrodaAzylZielone RanczoWi\u015bniowy SadSamsaraBogdankaCzaplisko SiedliskoKalbornia LakeHousePod&nbsp;Magnoli\u0105Modry GanekDw\u00f3r KraplewoRancho BogdanaBobrowa ChataSami SwoiAgro RajGlendoriaPomezaniaPrywatna Wie\u015bWilla D\u0105browaLe\u015bnicz\u00f3wka Jednoro\u017cecZ&nbsp;pastwiska na&nbsp;talerz<\/p>","protected":false},"author":5,"featured_media":0,"parent":0,"menu_order":0,"comment_status":"closed","ping_status":"closed","template":"","meta":{"_acf_changed":false,"_et_pb_use_builder":"on","_et_pb_old_content":"","_et_gb_content_width":"","iawp_total_views":165,"footnotes":""},"class_list":["post-1089672","page","type-page","status-publish","hentry"],"acf":[],"_links":{"self":[{"href":"https:\/\/mazury-zachodnie.pl\/ger\/wp-json\/wp\/v2\/pages\/1089672","targetHints":{"allow":["GET"]}}],"collection":[{"href":"https:\/\/mazury-zachodnie.pl\/ger\/wp-json\/wp\/v2\/pages"}],"about":[{"href":"https:\/\/mazury-zachodnie.pl\/ger\/wp-json\/wp\/v2\/types\/page"}],"author":[{"embeddable":true,"href":"https:\/\/mazury-zachodnie.pl\/ger\/wp-json\/wp\/v2\/users\/5"}],"replies":[{"embeddable":true,"href":"https:\/\/mazury-zachodnie.pl\/ger\/wp-json\/wp\/v2\/comments?post=1089672"}],"version-history":[{"count":23,"href":"https:\/\/mazury-zachodnie.pl\/ger\/wp-json\/wp\/v2\/pages\/1089672\/revisions"}],"predecessor-version":[{"id":1100836,"href":"https:\/\/mazury-zachodnie.pl\/ger\/wp-json\/wp\/v2\/pages\/1089672\/revisions\/1100836"}],"wp:attachment":[{"href":"https:\/\/mazury-zachodnie.pl\/ger\/wp-json\/wp\/v2\/media?parent=1089672"}],"curies":[{"name":"wp","href":"https:\/\/api.w.org\/{rel}","templated":true}]}}